{"id":8248,"date":"2022-08-12T15:11:51","date_gmt":"2022-08-12T19:11:51","guid":{"rendered":"https:\/\/magazine.100pour100chassepeche.com\/edition-2-aout-2o22\/?page_id=8248"},"modified":"2022-10-21T09:49:36","modified_gmt":"2022-10-21T13:49:36","slug":"une","status":"publish","type":"page","link":"https:\/\/magazine.100pour100chassepeche.com\/edition-4-octobre-2022\/","title":{"rendered":"\u00c9dition"},"content":{"rendered":"\t\t<div data-elementor-type=\"wp-page\" data-elementor-id=\"8248\" class=\"elementor elementor-8248\">\n\t\t\t\t\t\t<section data-particle_enable=\"false\" data-particle-mobile-disabled=\"false\" class=\"elementor-section elementor-top-section elementor-element elementor-element-0ed4b12 elementor-section-content-top elementor-section-full_width elementor-section-height-default elementor-section-height-default elementor-invisible\" data-id=\"0ed4b12\" data-element_type=\"section\" data-settings=\"{&quot;background_background&quot;:&quot;gradient&quot;,&quot;animation&quot;:&quot;fadeIn&quot;}\">\n\t\t\t\t\t\t<div class=\"elementor-container elementor-column-gap-default\">\n\t\t\t\t\t<div class=\"elementor-column elementor-col-50 elementor-top-column elementor-element elementor-element-67f739a elementor-invisible\" data-id=\"67f739a\" data-element_type=\"column\" data-settings=\"{&quot;animation&quot;:&quot;fadeIn&quot;,&quot;background_background&quot;:&quot;gradient&quot;}\">\n\t\t\t<div class=\"elementor-widget-wrap elementor-element-populated\">\n\t\t\t\t\t\t<div class=\"elementor-element elementor-element-86b80eb elementor-widget elementor-widget-image\" data-id=\"86b80eb\" data-element_type=\"widget\" data-widget_type=\"image.default\">\n\t\t\t\t<div class=\"elementor-widget-container\">\n\t\t\t\t\t\t\t\t\t\t\t\t\t<img decoding=\"async\" src=\"https:\/\/magazine.100pour100chassepeche.com\/wp-content\/uploads\/sites\/5\/2022\/04\/logo_100chassepeche.png\" title=\"\" alt=\"\" loading=\"lazy\" \/>\t\t\t\t\t\t\t\t\t\t\t\t\t<\/div>\n\t\t\t\t<\/div>\n\t\t\t\t<div class=\"elementor-element elementor-element-2b977f3 elementor-widget elementor-widget-menu-anchor\" data-id=\"2b977f3\" data-element_type=\"widget\" data-widget_type=\"menu-anchor.default\">\n\t\t\t\t<div class=\"elementor-widget-container\">\n\t\t\t\t\t<div class=\"elementor-menu-anchor\" id=\"debuter\"><\/div>\n\t\t\t\t<\/div>\n\t\t\t\t<\/div>\n\t\t\t\t\t<\/div>\n\t\t<\/div>\n\t\t\t\t<div class=\"elementor-column elementor-col-50 elementor-top-column elementor-element elementor-element-b17a3af\" data-id=\"b17a3af\" data-element_type=\"column\">\n\t\t\t<div class=\"elementor-widget-wrap elementor-element-populated\">\n\t\t\t\t\t\t<div class=\"elementor-element elementor-element-efae51f e-transform elementor-widget elementor-widget-heading\" data-id=\"efae51f\" data-element_type=\"widget\" data-settings=\"{&quot;_transform_translateY_effect&quot;:{&quot;unit&quot;:&quot;px&quot;,&quot;size&quot;:&quot;0&quot;,&quot;sizes&quot;:[]},&quot;_transform_translateX_effect&quot;:{&quot;unit&quot;:&quot;px&quot;,&quot;size&quot;:&quot;&quot;,&quot;sizes&quot;:[]},&quot;_transform_translateX_effect_tablet&quot;:{&quot;unit&quot;:&quot;px&quot;,&quot;size&quot;:&quot;&quot;,&quot;sizes&quot;:[]},&quot;_transform_translateX_effect_mobile&quot;:{&quot;unit&quot;:&quot;px&quot;,&quot;size&quot;:&quot;&quot;,&quot;sizes&quot;:[]},&quot;_transform_translateY_effect_tablet&quot;:{&quot;unit&quot;:&quot;px&quot;,&quot;size&quot;:&quot;&quot;,&quot;sizes&quot;:[]},&quot;_transform_translateY_effect_mobile&quot;:{&quot;unit&quot;:&quot;px&quot;,&quot;size&quot;:&quot;&quot;,&quot;sizes&quot;:[]}}\" data-widget_type=\"heading.default\">\n\t\t\t\t<div class=\"elementor-widget-container\">\n\t\t\t<h2 class=\"elementor-heading-title elementor-size-default\">\u00c9DITION NOVEMBRE 2022<\/h2>\t\t<\/div>\n\t\t\t\t<\/div>\n\t\t\t\t<div class=\"elementor-element elementor-element-7c75d67 elementor-widget elementor-widget-text-editor\" data-id=\"7c75d67\" data-element_type=\"widget\" data-widget_type=\"text-editor.default\">\n\t\t\t\t<div class=\"elementor-widget-container\">\n\t\t\t\t\t\t\t<p>VOLUME 1 | \u00c9DITION 4<\/p>\t\t\t\t\t\t<\/div>\n\t\t\t\t<\/div>\n\t\t\t\t<div class=\"elementor-element elementor-element-07d4e7c elementor-widget elementor-widget-text-editor\" data-id=\"07d4e7c\" data-element_type=\"widget\" data-widget_type=\"text-editor.default\">\n\t\t\t\t<div class=\"elementor-widget-container\">\n\t\t\t\t\t\t\t<p>8 articles de fond\u00a0 \u00a0 |\u00a0 \u00a0 15 chroniques<\/p>\t\t\t\t\t\t<\/div>\n\t\t\t\t<\/div>\n\t\t\t\t\t<\/div>\n\t\t<\/div>\n\t\t\t\t\t<\/div>\n\t\t<\/section>\n\t\t\t\t<section data-particle_enable=\"false\" data-particle-mobile-disabled=\"false\" class=\"elementor-section elementor-top-section elementor-element elementor-element-e0aa833 elementor-section-full_width elementor-section-height-default elementor-section-height-default\" data-id=\"e0aa833\" data-element_type=\"section\">\n\t\t\t\t\t\t<div class=\"elementor-container elementor-column-gap-default\">\n\t\t\t\t\t<div class=\"elementor-column elementor-col-100 elementor-top-column elementor-element elementor-element-ce3e3e0\" data-id=\"ce3e3e0\" data-element_type=\"column\">\n\t\t\t<div class=\"elementor-widget-wrap elementor-element-populated\">\n\t\t\t\t\t\t<div class=\"elementor-element elementor-element-4092947 elementor-hidden-mobile elementor-widget elementor-widget-image\" data-id=\"4092947\" data-element_type=\"widget\" data-widget_type=\"image.default\">\n\t\t\t\t<div class=\"elementor-widget-container\">\n\t\t\t\t\t\t\t\t\t\t\t\t\t<img fetchpriority=\"high\" decoding=\"async\" width=\"2448\" height=\"1279\" src=\"https:\/\/magazine.100pour100chassepeche.com\/edition-4-octobre-2022\/wp-content\/uploads\/sites\/10\/2022\/10\/une2.jpg\" class=\"attachment-full size-full wp-image-11770\" alt=\"\" srcset=\"https:\/\/magazine.100pour100chassepeche.com\/edition-4-octobre-2022\/wp-content\/uploads\/sites\/10\/2022\/10\/une2.jpg 2448w, https:\/\/magazine.100pour100chassepeche.com\/edition-4-octobre-2022\/wp-content\/uploads\/sites\/10\/2022\/10\/une2-300x157.jpg 300w, https:\/\/magazine.100pour100chassepeche.com\/edition-4-octobre-2022\/wp-content\/uploads\/sites\/10\/2022\/10\/une2-1024x535.jpg 1024w, https:\/\/magazine.100pour100chassepeche.com\/edition-4-octobre-2022\/wp-content\/uploads\/sites\/10\/2022\/10\/une2-768x401.jpg 768w, https:\/\/magazine.100pour100chassepeche.com\/edition-4-octobre-2022\/wp-content\/uploads\/sites\/10\/2022\/10\/une2-1536x803.jpg 1536w, https:\/\/magazine.100pour100chassepeche.com\/edition-4-octobre-2022\/wp-content\/uploads\/sites\/10\/2022\/10\/une2-2048x1070.jpg 2048w\" sizes=\"(max-width: 2448px) 100vw, 2448px\" \/>\t\t\t\t\t\t\t\t\t\t\t\t\t<\/div>\n\t\t\t\t<\/div>\n\t\t\t\t\t<\/div>\n\t\t<\/div>\n\t\t\t\t\t<\/div>\n\t\t<\/section>\n\t\t\t\t<section data-particle_enable=\"false\" data-particle-mobile-disabled=\"false\" class=\"elementor-section elementor-top-section elementor-element elementor-element-40564be elementor-section-full_width elementor-hidden-desktop elementor-hidden-tablet elementor-section-height-default elementor-section-height-default\" data-id=\"40564be\" data-element_type=\"section\">\n\t\t\t\t\t\t<div class=\"elementor-container elementor-column-gap-default\">\n\t\t\t\t\t<div class=\"elementor-column elementor-col-100 elementor-top-column elementor-element elementor-element-5e3c28f\" data-id=\"5e3c28f\" data-element_type=\"column\">\n\t\t\t<div class=\"elementor-widget-wrap elementor-element-populated\">\n\t\t\t\t\t\t<div class=\"elementor-element elementor-element-cc8bd3a elementor-hidden-desktop elementor-hidden-tablet elementor-widget elementor-widget-image\" data-id=\"cc8bd3a\" data-element_type=\"widget\" data-widget_type=\"image.default\">\n\t\t\t\t<div class=\"elementor-widget-container\">\n\t\t\t\t\t\t\t\t\t\t\t\t\t<img decoding=\"async\" width=\"1195\" height=\"2019\" src=\"https:\/\/magazine.100pour100chassepeche.com\/edition-4-octobre-2022\/wp-content\/uploads\/sites\/10\/2022\/10\/une_mob.jpg\" class=\"attachment-full size-full wp-image-11763\" alt=\"\" srcset=\"https:\/\/magazine.100pour100chassepeche.com\/edition-4-octobre-2022\/wp-content\/uploads\/sites\/10\/2022\/10\/une_mob.jpg 1195w, https:\/\/magazine.100pour100chassepeche.com\/edition-4-octobre-2022\/wp-content\/uploads\/sites\/10\/2022\/10\/une_mob-178x300.jpg 178w, https:\/\/magazine.100pour100chassepeche.com\/edition-4-octobre-2022\/wp-content\/uploads\/sites\/10\/2022\/10\/une_mob-606x1024.jpg 606w, https:\/\/magazine.100pour100chassepeche.com\/edition-4-octobre-2022\/wp-content\/uploads\/sites\/10\/2022\/10\/une_mob-768x1298.jpg 768w, https:\/\/magazine.100pour100chassepeche.com\/edition-4-octobre-2022\/wp-content\/uploads\/sites\/10\/2022\/10\/une_mob-909x1536.jpg 909w\" sizes=\"(max-width: 1195px) 100vw, 1195px\" \/>\t\t\t\t\t\t\t\t\t\t\t\t\t<\/div>\n\t\t\t\t<\/div>\n\t\t\t\t\t<\/div>\n\t\t<\/div>\n\t\t\t\t\t<\/div>\n\t\t<\/section>\n\t\t\t\t<section data-particle_enable=\"false\" data-particle-mobile-disabled=\"false\" class=\"elementor-section elementor-top-section elementor-element elementor-element-2e5ad7e elementor-section-boxed elementor-section-height-default elementor-section-height-default\" data-id=\"2e5ad7e\" data-element_type=\"section\" data-settings=\"{&quot;background_background&quot;:&quot;classic&quot;}\">\n\t\t\t\t\t\t<div class=\"elementor-container elementor-column-gap-default\">\n\t\t\t\t\t<div class=\"elementor-column elementor-col-100 elementor-top-column elementor-element elementor-element-04882c5\" data-id=\"04882c5\" data-element_type=\"column\">\n\t\t\t<div class=\"elementor-widget-wrap elementor-element-populated\">\n\t\t\t\t\t\t<div class=\"elementor-element elementor-element-95ca0c5 elementor-hidden-mobile elementor-widget elementor-widget-image\" data-id=\"95ca0c5\" data-element_type=\"widget\" data-widget_type=\"image.default\">\n\t\t\t\t<div class=\"elementor-widget-container\">\n\t\t\t\t\t\t\t\t\t\t\t\t\t\t<a href=\"https:\/\/reseauzec.com\/\" target=\"_blank\">\n\t\t\t\t\t\t\t<img decoding=\"async\" src=\"https:\/\/magazine.100pour100chassepeche.com\/wp-content\/uploads\/sites\/5\/2022\/08\/Le-Re\u0301seau-a\u0300-de\u0301couvrir-1.gif\" title=\"\" alt=\"\" loading=\"lazy\" \/>\t\t\t\t\t\t\t\t<\/a>\n\t\t\t\t\t\t\t\t\t\t\t\t\t<\/div>\n\t\t\t\t<\/div>\n\t\t\t\t<div class=\"elementor-element elementor-element-a5478ba elementor-hidden-desktop elementor-hidden-tablet elementor-widget elementor-widget-image\" data-id=\"a5478ba\" data-element_type=\"widget\" data-widget_type=\"image.default\">\n\t\t\t\t<div class=\"elementor-widget-container\">\n\t\t\t\t\t\t\t\t\t\t\t\t\t\t<a href=\"https:\/\/reseauzec.com\/\" target=\"_blank\">\n\t\t\t\t\t\t\t<img decoding=\"async\" src=\"https:\/\/magazine.100pour100chassepeche.com\/edition-2-aout-2022\/wp-content\/uploads\/sites\/5\/2022\/08\/Le-Re\u0301seau-a\u0300-de\u0301couvrir-2.gif\" title=\"\" alt=\"\" loading=\"lazy\" \/>\t\t\t\t\t\t\t\t<\/a>\n\t\t\t\t\t\t\t\t\t\t\t\t\t<\/div>\n\t\t\t\t<\/div>\n\t\t\t\t<div class=\"elementor-element elementor-element-a1d8ead elementor-align-center elementor-widget elementor-widget-button\" data-id=\"a1d8ead\" data-element_type=\"widget\" data-widget_type=\"button.default\">\n\t\t\t\t<div class=\"elementor-widget-container\">\n\t\t\t\t\t<div class=\"elementor-button-wrapper\">\n\t\t\t<a class=\"elementor-button elementor-button-link elementor-size-xl\" href=\"https:\/\/magazine.100pour100chassepeche.com\/edition-4-octobre-2022\/tableau-de-bord\/\">\n\t\t\t\t\t\t<span class=\"elementor-button-content-wrapper\">\n\t\t\t\t\t\t\t\t\t<span class=\"elementor-button-text\">D\u00c9BUTER LA LECTURE<\/span>\n\t\t\t\t\t<\/span>\n\t\t\t\t\t<\/a>\n\t\t<\/div>\n\t\t\t\t<\/div>\n\t\t\t\t<\/div>\n\t\t\t\t\t<\/div>\n\t\t<\/div>\n\t\t\t\t\t<\/div>\n\t\t<\/section>\n\t\t\t\t<\/div>\n\t\t","protected":false},"excerpt":{"rendered":"<p>\u00c9DITION NOVEMBRE 2022 VOLUME 1 | \u00c9DITION 4 8 articles de fond\u00a0 \u00a0 |\u00a0 \u00a0 15 chroniques D\u00c9BUTER LA LECTURE<\/p>\n","protected":false},"author":1,"featured_media":0,"parent":0,"menu_order":1,"comment_status":"closed","ping_status":"closed","template":"","meta":{"site-sidebar-layout":"no-sidebar","site-content-layout":"page-builder","ast-site-content-layout":"","site-content-style":"default","site-sidebar-style":"default","ast-global-header-display":"","ast-banner-title-visibility":"","ast-main-header-display":"","ast-hfb-above-header-display":"","ast-hfb-below-header-display":"","ast-hfb-mobile-header-display":"","site-post-title":"disabled","ast-breadcrumbs-content":"","ast-featured-img":"disabled","footer-sml-layout":"","theme-transparent-header-meta":"","adv-header-id-meta":"","stick-header-meta":"","header-above-stick-meta":"","header-main-stick-meta":"","header-below-stick-meta":"","astra-migrate-meta-layouts":"default","ast-page-background-enabled":"default","ast-page-background-meta":{"desktop":{"background-color":"","background-image":"","background-repeat":"repeat","background-position":"center center","background-size":"auto","background-attachment":"scroll","background-type":"","background-media":"","overlay-type":"","overlay-color":"","overlay-opacity":"","overlay-gradient":""},"tablet":{"background-color":"","background-image":"","background-repeat":"repeat","background-position":"center center","background-size":"auto","background-attachment":"scroll","background-type":"","background-media":"","overlay-type":"","overlay-color":"","overlay-opacity":"","overlay-gradient":""},"mobile":{"background-color":"","background-image":"","background-repeat":"repeat","background-position":"center center","background-size":"auto","background-attachment":"scroll","background-type":"","background-media":"","overlay-type":"","overlay-color":"","overlay-opacity":"","overlay-gradient":""}},"ast-content-background-meta":{"desktop":{"background-color":"var(--ast-global-color-5)","background-image":"","background-repeat":"repeat","background-position":"center center","background-size":"auto","background-attachment":"scroll","background-type":"","background-media":"","overlay-type":"","overlay-color":"","overlay-opacity":"","overlay-gradient":""},"tablet":{"background-color":"var(--ast-global-color-5)","background-image":"","background-repeat":"repeat","background-position":"center center","background-size":"auto","background-attachment":"scroll","background-type":"","background-media":"","overlay-type":"","overlay-color":"","overlay-opacity":"","overlay-gradient":""},"mobile":{"background-color":"var(--ast-global-color-5)","background-image":"","background-repeat":"repeat","background-position":"center center","background-size":"auto","background-attachment":"scroll","background-type":"","background-media":"","overlay-type":"","overlay-color":"","overlay-opacity":"","overlay-gradient":""}},"footnotes":""},"class_list":["post-8248","page","type-page","status-publish","hentry"],"yoast_head":"<!-- This site is optimized with the Yoast SEO plugin v23.3 - https:\/\/yoast.com\/wordpress\/plugins\/seo\/ -->\n<title>\u00c9dition - Magazine - \u00c9dition 4 - Octobre 2022<\/title>\n<meta name=\"robots\" content=\"index, follow, max-snippet:-1, max-image-preview:large, max-video-preview:-1\" \/>\n<link rel=\"canonical\" href=\"https:\/\/magazine.100pour100chassepeche.com\/edition-4-octobre-2022\/\" \/>\n<meta property=\"og:locale\" content=\"fr_FR\" \/>\n<meta property=\"og:type\" content=\"article\" \/>\n<meta property=\"og:title\" content=\"\u00c9dition - Magazine - \u00c9dition 4 - Octobre 2022\" \/>\n<meta property=\"og:description\" content=\"\u00c9DITION NOVEMBRE 2022 VOLUME 1 | \u00c9DITION 4 8 articles de fond\u00a0 \u00a0 |\u00a0 \u00a0 15 chroniques D\u00c9BUTER LA LECTURE\" \/>\n<meta property=\"og:url\" content=\"https:\/\/magazine.100pour100chassepeche.com\/edition-4-octobre-2022\/\" \/>\n<meta property=\"og:site_name\" content=\"Magazine - \u00c9dition 4 - Octobre 2022\" \/>\n<meta property=\"article:modified_time\" content=\"2022-10-21T13:49:36+00:00\" \/>\n<meta property=\"og:image\" content=\"https:\/\/magazine.100pour100chassepeche.com\/wp-content\/uploads\/sites\/5\/2022\/04\/logo_100chassepeche.png\" \/>\n<meta name=\"twitter:card\" content=\"summary_large_image\" \/>\n<meta name=\"twitter:label1\" content=\"Dur\u00e9e de lecture estim\u00e9e\" \/>\n\t<meta name=\"twitter:data1\" content=\"2 minutes\" \/>\n<script type=\"application\/ld+json\" class=\"yoast-schema-graph\">{\"@context\":\"https:\/\/schema.org\",\"@graph\":[{\"@type\":\"WebPage\",\"@id\":\"https:\/\/magazine.100pour100chassepeche.com\/edition-4-octobre-2022\/\",\"url\":\"https:\/\/magazine.100pour100chassepeche.com\/edition-4-octobre-2022\/\",\"name\":\"\u00c9dition - Magazine - \u00c9dition 4 - Octobre 2022\",\"isPartOf\":{\"@id\":\"https:\/\/magazine.100pour100chassepeche.com\/edition-4-octobre-2022\/#website\"},\"primaryImageOfPage\":{\"@id\":\"https:\/\/magazine.100pour100chassepeche.com\/edition-4-octobre-2022\/#primaryimage\"},\"image\":{\"@id\":\"https:\/\/magazine.100pour100chassepeche.com\/edition-4-octobre-2022\/#primaryimage\"},\"thumbnailUrl\":\"https:\/\/magazine.100pour100chassepeche.com\/wp-content\/uploads\/sites\/5\/2022\/04\/logo_100chassepeche.png\",\"datePublished\":\"2022-08-12T19:11:51+00:00\",\"dateModified\":\"2022-10-21T13:49:36+00:00\",\"breadcrumb\":{\"@id\":\"https:\/\/magazine.100pour100chassepeche.com\/edition-4-octobre-2022\/#breadcrumb\"},\"inLanguage\":\"fr-FR\",\"potentialAction\":[{\"@type\":\"ReadAction\",\"target\":[\"https:\/\/magazine.100pour100chassepeche.com\/edition-4-octobre-2022\/\"]}]},{\"@type\":\"ImageObject\",\"inLanguage\":\"fr-FR\",\"@id\":\"https:\/\/magazine.100pour100chassepeche.com\/edition-4-octobre-2022\/#primaryimage\",\"url\":\"https:\/\/magazine.100pour100chassepeche.com\/wp-content\/uploads\/sites\/5\/2022\/04\/logo_100chassepeche.png\",\"contentUrl\":\"https:\/\/magazine.100pour100chassepeche.com\/wp-content\/uploads\/sites\/5\/2022\/04\/logo_100chassepeche.png\"},{\"@type\":\"BreadcrumbList\",\"@id\":\"https:\/\/magazine.100pour100chassepeche.com\/edition-4-octobre-2022\/#breadcrumb\",\"itemListElement\":[{\"@type\":\"ListItem\",\"position\":1,\"name\":\"Accueil\",\"item\":\"https:\/\/magazine.100pour100chassepeche.com\/edition-4-octobre-2022\/\"},{\"@type\":\"ListItem\",\"position\":2,\"name\":\"\u00c9dition\"}]},{\"@type\":\"WebSite\",\"@id\":\"https:\/\/magazine.100pour100chassepeche.com\/edition-4-octobre-2022\/#website\",\"url\":\"https:\/\/magazine.100pour100chassepeche.com\/edition-4-octobre-2022\/\",\"name\":\"Magazine - \u00c9dition 4 - Octobre 2022\",\"description\":\"Magazine Web gratuit\",\"potentialAction\":[{\"@type\":\"SearchAction\",\"target\":{\"@type\":\"EntryPoint\",\"urlTemplate\":\"https:\/\/magazine.100pour100chassepeche.com\/edition-4-octobre-2022\/?s={search_term_string}\"},\"query-input\":\"required name=search_term_string\"}],\"inLanguage\":\"fr-FR\"}]}<\/script>\n<!-- \/ Yoast SEO plugin. -->","yoast_head_json":{"title":"\u00c9dition - Magazine - \u00c9dition 4 - Octobre 2022","robots":{"index":"index","follow":"follow","max-snippet":"max-snippet:-1","max-image-preview":"max-image-preview:large","max-video-preview":"max-video-preview:-1"},"canonical":"https:\/\/magazine.100pour100chassepeche.com\/edition-4-octobre-2022\/","og_locale":"fr_FR","og_type":"article","og_title":"\u00c9dition - Magazine - \u00c9dition 4 - Octobre 2022","og_description":"\u00c9DITION NOVEMBRE 2022 VOLUME 1 | \u00c9DITION 4 8 articles de fond\u00a0 \u00a0 |\u00a0 \u00a0 15 chroniques D\u00c9BUTER LA LECTURE","og_url":"https:\/\/magazine.100pour100chassepeche.com\/edition-4-octobre-2022\/","og_site_name":"Magazine - \u00c9dition 4 - Octobre 2022","article_modified_time":"2022-10-21T13:49:36+00:00","og_image":[{"url":"https:\/\/magazine.100pour100chassepeche.com\/wp-content\/uploads\/sites\/5\/2022\/04\/logo_100chassepeche.png"}],"twitter_card":"summary_large_image","twitter_misc":{"Dur\u00e9e de lecture estim\u00e9e":"2 minutes"},"schema":{"@context":"https:\/\/schema.org","@graph":[{"@type":"WebPage","@id":"https:\/\/magazine.100pour100chassepeche.com\/edition-4-octobre-2022\/","url":"https:\/\/magazine.100pour100chassepeche.com\/edition-4-octobre-2022\/","name":"\u00c9dition - Magazine - \u00c9dition 4 - Octobre 2022","isPartOf":{"@id":"https:\/\/magazine.100pour100chassepeche.com\/edition-4-octobre-2022\/#website"},"primaryImageOfPage":{"@id":"https:\/\/magazine.100pour100chassepeche.com\/edition-4-octobre-2022\/#primaryimage"},"image":{"@id":"https:\/\/magazine.100pour100chassepeche.com\/edition-4-octobre-2022\/#primaryimage"},"thumbnailUrl":"https:\/\/magazine.100pour100chassepeche.com\/wp-content\/uploads\/sites\/5\/2022\/04\/logo_100chassepeche.png","datePublished":"2022-08-12T19:11:51+00:00","dateModified":"2022-10-21T13:49:36+00:00","breadcrumb":{"@id":"https:\/\/magazine.100pour100chassepeche.com\/edition-4-octobre-2022\/#breadcrumb"},"inLanguage":"fr-FR","potentialAction":[{"@type":"ReadAction","target":["https:\/\/magazine.100pour100chassepeche.com\/edition-4-octobre-2022\/"]}]},{"@type":"ImageObject","inLanguage":"fr-FR","@id":"https:\/\/magazine.100pour100chassepeche.com\/edition-4-octobre-2022\/#primaryimage","url":"https:\/\/magazine.100pour100chassepeche.com\/wp-content\/uploads\/sites\/5\/2022\/04\/logo_100chassepeche.png","contentUrl":"https:\/\/magazine.100pour100chassepeche.com\/wp-content\/uploads\/sites\/5\/2022\/04\/logo_100chassepeche.png"},{"@type":"BreadcrumbList","@id":"https:\/\/magazine.100pour100chassepeche.com\/edition-4-octobre-2022\/#breadcrumb","itemListElement":[{"@type":"ListItem","position":1,"name":"Accueil","item":"https:\/\/magazine.100pour100chassepeche.com\/edition-4-octobre-2022\/"},{"@type":"ListItem","position":2,"name":"\u00c9dition"}]},{"@type":"WebSite","@id":"https:\/\/magazine.100pour100chassepeche.com\/edition-4-octobre-2022\/#website","url":"https:\/\/magazine.100pour100chassepeche.com\/edition-4-octobre-2022\/","name":"Magazine - \u00c9dition 4 - Octobre 2022","description":"Magazine Web gratuit","potentialAction":[{"@type":"SearchAction","target":{"@type":"EntryPoint","urlTemplate":"https:\/\/magazine.100pour100chassepeche.com\/edition-4-octobre-2022\/?s={search_term_string}"},"query-input":"required name=search_term_string"}],"inLanguage":"fr-FR"}]}},"_links":{"self":[{"href":"https:\/\/magazine.100pour100chassepeche.com\/edition-4-octobre-2022\/wp-json\/wp\/v2\/pages\/8248","targetHints":{"allow":["GET"]}}],"collection":[{"href":"https:\/\/magazine.100pour100chassepeche.com\/edition-4-octobre-2022\/wp-json\/wp\/v2\/pages"}],"about":[{"href":"https:\/\/magazine.100pour100chassepeche.com\/edition-4-octobre-2022\/wp-json\/wp\/v2\/types\/page"}],"author":[{"embeddable":true,"href":"https:\/\/magazine.100pour100chassepeche.com\/edition-4-octobre-2022\/wp-json\/wp\/v2\/users\/1"}],"replies":[{"embeddable":true,"href":"https:\/\/magazine.100pour100chassepeche.com\/edition-4-octobre-2022\/wp-json\/wp\/v2\/comments?post=8248"}],"version-history":[{"count":187,"href":"https:\/\/magazine.100pour100chassepeche.com\/edition-4-octobre-2022\/wp-json\/wp\/v2\/pages\/8248\/revisions"}],"predecessor-version":[{"id":11773,"href":"https:\/\/magazine.100pour100chassepeche.com\/edition-4-octobre-2022\/wp-json\/wp\/v2\/pages\/8248\/revisions\/11773"}],"wp:attachment":[{"href":"https:\/\/magazine.100pour100chassepeche.com\/edition-4-octobre-2022\/wp-json\/wp\/v2\/media?parent=8248"}],"curies":[{"name":"wp","href":"https:\/\/api.w.org\/{rel}","templated":true}]}}