{"id":9823,"date":"2022-09-12T14:33:17","date_gmt":"2022-09-12T18:33:17","guid":{"rendered":"https:\/\/magazine.100pour100chassepeche.com\/edition-3-septembre-2022\/?page_id=9823"},"modified":"2022-09-12T14:38:09","modified_gmt":"2022-09-12T18:38:09","slug":"mon-compte","status":"publish","type":"page","link":"https:\/\/magazine.100pour100chassepeche.com\/edition-3-septembre-2022\/mon-compte\/","title":{"rendered":"Mon compte"},"content":{"rendered":"\t\t<div data-elementor-type=\"wp-page\" data-elementor-id=\"9823\" class=\"elementor elementor-9823\">\n\t\t\t\t\t\t<section data-particle_enable=\"false\" data-particle-mobile-disabled=\"false\" class=\"elementor-section elementor-top-section elementor-element elementor-element-1d3dfe84 elementor-section-height-min-height elementor-section-boxed elementor-section-height-default elementor-section-items-middle\" data-id=\"1d3dfe84\" data-element_type=\"section\" data-settings=\"{&quot;background_background&quot;:&quot;slideshow&quot;,&quot;background_slideshow_gallery&quot;:[{&quot;id&quot;:5540,&quot;url&quot;:&quot;https:\\\/\\\/magazine.100pour100chassepeche.com\\\/wp-content\\\/uploads\\\/sites\\\/5\\\/2022\\\/04\\\/shutterstock_2018482898-scaled.jpg&quot;},{&quot;id&quot;:5533,&quot;url&quot;:&quot;https:\\\/\\\/magazine.100pour100chassepeche.com\\\/wp-content\\\/uploads\\\/sites\\\/5\\\/2022\\\/04\\\/shutterstock_334497506-scaled.jpg&quot;},{&quot;id&quot;:5535,&quot;url&quot;:&quot;https:\\\/\\\/magazine.100pour100chassepeche.com\\\/wp-content\\\/uploads\\\/sites\\\/5\\\/2022\\\/04\\\/shutterstock_691816135-2-scaled.jpg&quot;},{&quot;id&quot;:5536,&quot;url&quot;:&quot;https:\\\/\\\/magazine.100pour100chassepeche.com\\\/wp-content\\\/uploads\\\/sites\\\/5\\\/2022\\\/04\\\/shutterstock_2039787050-scaled.jpg&quot;},{&quot;id&quot;:5537,&quot;url&quot;:&quot;https:\\\/\\\/magazine.100pour100chassepeche.com\\\/wp-content\\\/uploads\\\/sites\\\/5\\\/2022\\\/04\\\/shutterstock_1822229459-scaled.jpg&quot;},{&quot;id&quot;:5539,&quot;url&quot;:&quot;https:\\\/\\\/magazine.100pour100chassepeche.com\\\/wp-content\\\/uploads\\\/sites\\\/5\\\/2022\\\/04\\\/shutterstock_256445812-scaled.jpg&quot;}],&quot;background_slideshow_loop&quot;:&quot;yes&quot;,&quot;background_slideshow_slide_duration&quot;:5000,&quot;background_slideshow_slide_transition&quot;:&quot;fade&quot;,&quot;background_slideshow_transition_duration&quot;:500}\">\n\t\t\t\t\t\t\t<div class=\"elementor-background-overlay\"><\/div>\n\t\t\t\t\t\t\t<div class=\"elementor-container elementor-column-gap-default\">\n\t\t\t\t\t<div class=\"elementor-column elementor-col-100 elementor-top-column elementor-element elementor-element-35e9bf1b\" data-id=\"35e9bf1b\" data-element_type=\"column\">\n\t\t\t<div class=\"elementor-widget-wrap elementor-element-populated\">\n\t\t\t\t\t\t<section data-particle_enable=\"false\" data-particle-mobile-disabled=\"false\" class=\"elementor-section elementor-inner-section elementor-element elementor-element-2d2aef66 elementor-section-boxed elementor-section-height-default elementor-section-height-default\" data-id=\"2d2aef66\" data-element_type=\"section\">\n\t\t\t\t\t\t<div class=\"elementor-container elementor-column-gap-default\">\n\t\t\t\t\t<div class=\"elementor-column elementor-col-50 elementor-inner-column elementor-element elementor-element-1921b0ec\" data-id=\"1921b0ec\" data-element_type=\"column\">\n\t\t\t<div class=\"elementor-widget-wrap elementor-element-populated\">\n\t\t\t\t\t\t<div class=\"elementor-element elementor-element-55317186 elementor-widget elementor-widget-image\" data-id=\"55317186\" data-element_type=\"widget\" data-widget_type=\"image.default\">\n\t\t\t\t<div class=\"elementor-widget-container\">\n\t\t\t\t\t\t\t\t\t\t\t\t\t\t<a href=\"https:\/\/100pour100chassepeche.com\/\">\n\t\t\t\t\t\t\t<img decoding=\"async\" src=\"https:\/\/magazine.100pour100chassepeche.com\/wp-content\/uploads\/sites\/5\/2022\/02\/logo_100_chasse_peche.png\" title=\"\" alt=\"\" loading=\"lazy\" \/>\t\t\t\t\t\t\t\t<\/a>\n\t\t\t\t\t\t\t\t\t\t\t\t\t<\/div>\n\t\t\t\t<\/div>\n\t\t\t\t\t<\/div>\n\t\t<\/div>\n\t\t\t\t<div class=\"elementor-column elementor-col-50 elementor-inner-column elementor-element elementor-element-376f6ff6\" data-id=\"376f6ff6\" data-element_type=\"column\">\n\t\t\t<div class=\"elementor-widget-wrap elementor-element-populated\">\n\t\t\t\t\t\t<div class=\"elementor-element elementor-element-68fe17ca elementor-widget elementor-widget-image\" data-id=\"68fe17ca\" data-element_type=\"widget\" data-widget_type=\"image.default\">\n\t\t\t\t<div class=\"elementor-widget-container\">\n\t\t\t\t\t\t\t\t\t\t\t\t\t\t<a href=\"https:\/\/100pour100chassepeche.com\/\">\n\t\t\t\t\t\t\t<img fetchpriority=\"high\" decoding=\"async\" width=\"900\" height=\"900\" src=\"https:\/\/magazine.100pour100chassepeche.com\/edition-3-septembre-2022\/wp-content\/uploads\/sites\/8\/2022\/04\/Bulle100pour100_gratuit.png\" class=\"attachment-full size-full wp-image-5626\" alt=\"\" srcset=\"https:\/\/magazine.100pour100chassepeche.com\/edition-3-septembre-2022\/wp-content\/uploads\/sites\/8\/2022\/04\/Bulle100pour100_gratuit.png 900w, https:\/\/magazine.100pour100chassepeche.com\/edition-3-septembre-2022\/wp-content\/uploads\/sites\/8\/2022\/04\/Bulle100pour100_gratuit-300x300.png 300w, https:\/\/magazine.100pour100chassepeche.com\/edition-3-septembre-2022\/wp-content\/uploads\/sites\/8\/2022\/04\/Bulle100pour100_gratuit-150x150.png 150w, https:\/\/magazine.100pour100chassepeche.com\/edition-3-septembre-2022\/wp-content\/uploads\/sites\/8\/2022\/04\/Bulle100pour100_gratuit-768x768.png 768w\" sizes=\"(max-width: 900px) 100vw, 900px\" \/>\t\t\t\t\t\t\t\t<\/a>\n\t\t\t\t\t\t\t\t\t\t\t\t\t<\/div>\n\t\t\t\t<\/div>\n\t\t\t\t\t<\/div>\n\t\t<\/div>\n\t\t\t\t\t<\/div>\n\t\t<\/section>\n\t\t\t\t<section data-particle_enable=\"false\" data-particle-mobile-disabled=\"false\" class=\"elementor-section elementor-inner-section elementor-element elementor-element-79ed98c2 elementor-section-boxed elementor-section-height-default elementor-section-height-default\" data-id=\"79ed98c2\" data-element_type=\"section\">\n\t\t\t\t\t\t<div class=\"elementor-container elementor-column-gap-default\">\n\t\t\t\t\t<div class=\"elementor-column elementor-col-100 elementor-inner-column elementor-element elementor-element-9fe1b4c\" data-id=\"9fe1b4c\" data-element_type=\"column\" data-settings=\"{&quot;background_background&quot;:&quot;classic&quot;}\">\n\t\t\t<div class=\"elementor-widget-wrap elementor-element-populated\">\n\t\t\t\t\t\t<div class=\"elementor-element elementor-element-71bde0d9 elementor-widget elementor-widget-heading\" data-id=\"71bde0d9\" data-element_type=\"widget\" data-widget_type=\"heading.default\">\n\t\t\t\t<div class=\"elementor-widget-container\">\n\t\t\t<h2 class=\"elementor-heading-title elementor-size-default\">Magazine Web 100% CHASSE P\u00caCHE! <\/h2>\t\t<\/div>\n\t\t\t\t<\/div>\n\t\t\t\t<div class=\"elementor-element elementor-element-5f1d4323 elementor-widget elementor-widget-heading\" data-id=\"5f1d4323\" data-element_type=\"widget\" data-widget_type=\"heading.default\">\n\t\t\t\t<div class=\"elementor-widget-container\">\n\t\t\t<h2 class=\"elementor-heading-title elementor-size-default\">Connectez-vous d\u00e8s maintenant<\/h2>\t\t<\/div>\n\t\t\t\t<\/div>\n\t\t\t\t<div class=\"elementor-element elementor-element-36dd11f7 elementor-widget elementor-widget-text-editor\" data-id=\"36dd11f7\" data-element_type=\"widget\" data-widget_type=\"text-editor.default\">\n\t\t\t\t<div class=\"elementor-widget-container\">\n\t\t\t\t\t\t\t<p>[ultimatemember form_id=\u00a0\u00bb5393&Prime;]<\/p>\t\t\t\t\t\t<\/div>\n\t\t\t\t<\/div>\n\t\t\t\t\t<\/div>\n\t\t<\/div>\n\t\t\t\t\t<\/div>\n\t\t<\/section>\n\t\t\t\t\t<\/div>\n\t\t<\/div>\n\t\t\t\t\t<\/div>\n\t\t<\/section>\n\t\t\t\t<\/div>\n\t\t","protected":false},"excerpt":{"rendered":"<p>Magazine Web 100% CHASSE P\u00caCHE! Connectez-vous d\u00e8s maintenant [ultimatemember form_id=\u00a0\u00bb5393&Prime;]<\/p>\n","protected":false},"author":1,"featured_media":0,"parent":0,"menu_order":0,"comment_status":"closed","ping_status":"closed","template":"","meta":{"site-sidebar-layout":"no-sidebar","site-content-layout":"page-builder","ast-site-content-layout":"","site-content-style":"default","site-sidebar-style":"default","ast-global-header-display":"","ast-banner-title-visibility":"","ast-main-header-display":"","ast-hfb-above-header-display":"","ast-hfb-below-header-display":"","ast-hfb-mobile-header-display":"","site-post-title":"disabled","ast-breadcrumbs-content":"","ast-featured-img":"disabled","footer-sml-layout":"","theme-transparent-header-meta":"","adv-header-id-meta":"","stick-header-meta":"","header-above-stick-meta":"","header-main-stick-meta":"","header-below-stick-meta":"","astra-migrate-meta-layouts":"default","ast-page-background-enabled":"default","ast-page-background-meta":{"desktop":{"background-color":"","background-image":"","background-repeat":"repeat","background-position":"center center","background-size":"auto","background-attachment":"scroll","background-type":"","background-media":"","overlay-type":"","overlay-color":"","overlay-opacity":"","overlay-gradient":""},"tablet":{"background-color":"","background-image":"","background-repeat":"repeat","background-position":"center center","background-size":"auto","background-attachment":"scroll","background-type":"","background-media":"","overlay-type":"","overlay-color":"","overlay-opacity":"","overlay-gradient":""},"mobile":{"background-color":"","background-image":"","background-repeat":"repeat","background-position":"center center","background-size":"auto","background-attachment":"scroll","background-type":"","background-media":"","overlay-type":"","overlay-color":"","overlay-opacity":"","overlay-gradient":""}},"ast-content-background-meta":{"desktop":{"background-color":"var(--ast-global-color-5)","background-image":"","background-repeat":"repeat","background-position":"center center","background-size":"auto","background-attachment":"scroll","background-type":"","background-media":"","overlay-type":"","overlay-color":"","overlay-opacity":"","overlay-gradient":""},"tablet":{"background-color":"var(--ast-global-color-5)","background-image":"","background-repeat":"repeat","background-position":"center center","background-size":"auto","background-attachment":"scroll","background-type":"","background-media":"","overlay-type":"","overlay-color":"","overlay-opacity":"","overlay-gradient":""},"mobile":{"background-color":"var(--ast-global-color-5)","background-image":"","background-repeat":"repeat","background-position":"center center","background-size":"auto","background-attachment":"scroll","background-type":"","background-media":"","overlay-type":"","overlay-color":"","overlay-opacity":"","overlay-gradient":""}},"footnotes":""},"class_list":["post-9823","page","type-page","status-publish","hentry"],"yoast_head":"<!-- This site is optimized with the Yoast SEO plugin v23.3 - https:\/\/yoast.com\/wordpress\/plugins\/seo\/ -->\n<title>Mon compte - Magazine - \u00c9dition 3 - Septembre 2022<\/title>\n<meta name=\"robots\" content=\"index, follow, max-snippet:-1, max-image-preview:large, max-video-preview:-1\" \/>\n<link rel=\"canonical\" href=\"https:\/\/magazine.100pour100chassepeche.com\/edition-3-septembre-2022\/mon-compte\/\" \/>\n<meta property=\"og:locale\" content=\"fr_FR\" \/>\n<meta property=\"og:type\" content=\"article\" \/>\n<meta property=\"og:title\" content=\"Mon compte - Magazine - \u00c9dition 3 - Septembre 2022\" \/>\n<meta property=\"og:description\" content=\"Magazine Web 100% CHASSE P\u00caCHE! Connectez-vous d\u00e8s maintenant [ultimatemember form_id=\u00a0\u00bb5393&Prime;]\" \/>\n<meta property=\"og:url\" content=\"https:\/\/magazine.100pour100chassepeche.com\/edition-3-septembre-2022\/mon-compte\/\" \/>\n<meta property=\"og:site_name\" content=\"Magazine - \u00c9dition 3 - Septembre 2022\" \/>\n<meta property=\"article:modified_time\" content=\"2022-09-12T18:38:09+00:00\" \/>\n<meta property=\"og:image\" content=\"https:\/\/magazine.100pour100chassepeche.com\/wp-content\/uploads\/sites\/5\/2022\/02\/logo_100_chasse_peche.png\" \/>\n<meta name=\"twitter:card\" content=\"summary_large_image\" \/>\n<meta name=\"twitter:label1\" content=\"Dur\u00e9e de lecture estim\u00e9e\" \/>\n\t<meta name=\"twitter:data1\" content=\"1 minute\" \/>\n<script type=\"application\/ld+json\" class=\"yoast-schema-graph\">{\"@context\":\"https:\/\/schema.org\",\"@graph\":[{\"@type\":\"WebPage\",\"@id\":\"https:\/\/magazine.100pour100chassepeche.com\/edition-3-septembre-2022\/mon-compte\/\",\"url\":\"https:\/\/magazine.100pour100chassepeche.com\/edition-3-septembre-2022\/mon-compte\/\",\"name\":\"Mon compte - Magazine - \u00c9dition 3 - Septembre 2022\",\"isPartOf\":{\"@id\":\"https:\/\/magazine.100pour100chassepeche.com\/edition-3-septembre-2022\/#website\"},\"primaryImageOfPage\":{\"@id\":\"https:\/\/magazine.100pour100chassepeche.com\/edition-3-septembre-2022\/mon-compte\/#primaryimage\"},\"image\":{\"@id\":\"https:\/\/magazine.100pour100chassepeche.com\/edition-3-septembre-2022\/mon-compte\/#primaryimage\"},\"thumbnailUrl\":\"https:\/\/magazine.100pour100chassepeche.com\/wp-content\/uploads\/sites\/5\/2022\/02\/logo_100_chasse_peche.png\",\"datePublished\":\"2022-09-12T18:33:17+00:00\",\"dateModified\":\"2022-09-12T18:38:09+00:00\",\"breadcrumb\":{\"@id\":\"https:\/\/magazine.100pour100chassepeche.com\/edition-3-septembre-2022\/mon-compte\/#breadcrumb\"},\"inLanguage\":\"fr-FR\",\"potentialAction\":[{\"@type\":\"ReadAction\",\"target\":[\"https:\/\/magazine.100pour100chassepeche.com\/edition-3-septembre-2022\/mon-compte\/\"]}]},{\"@type\":\"ImageObject\",\"inLanguage\":\"fr-FR\",\"@id\":\"https:\/\/magazine.100pour100chassepeche.com\/edition-3-septembre-2022\/mon-compte\/#primaryimage\",\"url\":\"https:\/\/magazine.100pour100chassepeche.com\/wp-content\/uploads\/sites\/5\/2022\/02\/logo_100_chasse_peche.png\",\"contentUrl\":\"https:\/\/magazine.100pour100chassepeche.com\/wp-content\/uploads\/sites\/5\/2022\/02\/logo_100_chasse_peche.png\"},{\"@type\":\"BreadcrumbList\",\"@id\":\"https:\/\/magazine.100pour100chassepeche.com\/edition-3-septembre-2022\/mon-compte\/#breadcrumb\",\"itemListElement\":[{\"@type\":\"ListItem\",\"position\":1,\"name\":\"Accueil\",\"item\":\"https:\/\/magazine.100pour100chassepeche.com\/edition-3-septembre-2022\/\"},{\"@type\":\"ListItem\",\"position\":2,\"name\":\"Mon compte\"}]},{\"@type\":\"WebSite\",\"@id\":\"https:\/\/magazine.100pour100chassepeche.com\/edition-3-septembre-2022\/#website\",\"url\":\"https:\/\/magazine.100pour100chassepeche.com\/edition-3-septembre-2022\/\",\"name\":\"Magazine - \u00c9dition 3 - Septembre 2022\",\"description\":\"Magazine Web gratuit\",\"potentialAction\":[{\"@type\":\"SearchAction\",\"target\":{\"@type\":\"EntryPoint\",\"urlTemplate\":\"https:\/\/magazine.100pour100chassepeche.com\/edition-3-septembre-2022\/?s={search_term_string}\"},\"query-input\":\"required name=search_term_string\"}],\"inLanguage\":\"fr-FR\"}]}<\/script>\n<!-- \/ Yoast SEO plugin. -->","yoast_head_json":{"title":"Mon compte - Magazine - \u00c9dition 3 - Septembre 2022","robots":{"index":"index","follow":"follow","max-snippet":"max-snippet:-1","max-image-preview":"max-image-preview:large","max-video-preview":"max-video-preview:-1"},"canonical":"https:\/\/magazine.100pour100chassepeche.com\/edition-3-septembre-2022\/mon-compte\/","og_locale":"fr_FR","og_type":"article","og_title":"Mon compte - Magazine - \u00c9dition 3 - Septembre 2022","og_description":"Magazine Web 100% CHASSE P\u00caCHE! Connectez-vous d\u00e8s maintenant [ultimatemember form_id=\u00a0\u00bb5393&Prime;]","og_url":"https:\/\/magazine.100pour100chassepeche.com\/edition-3-septembre-2022\/mon-compte\/","og_site_name":"Magazine - \u00c9dition 3 - Septembre 2022","article_modified_time":"2022-09-12T18:38:09+00:00","og_image":[{"url":"https:\/\/magazine.100pour100chassepeche.com\/wp-content\/uploads\/sites\/5\/2022\/02\/logo_100_chasse_peche.png"}],"twitter_card":"summary_large_image","twitter_misc":{"Dur\u00e9e de lecture estim\u00e9e":"1 minute"},"schema":{"@context":"https:\/\/schema.org","@graph":[{"@type":"WebPage","@id":"https:\/\/magazine.100pour100chassepeche.com\/edition-3-septembre-2022\/mon-compte\/","url":"https:\/\/magazine.100pour100chassepeche.com\/edition-3-septembre-2022\/mon-compte\/","name":"Mon compte - Magazine - \u00c9dition 3 - Septembre 2022","isPartOf":{"@id":"https:\/\/magazine.100pour100chassepeche.com\/edition-3-septembre-2022\/#website"},"primaryImageOfPage":{"@id":"https:\/\/magazine.100pour100chassepeche.com\/edition-3-septembre-2022\/mon-compte\/#primaryimage"},"image":{"@id":"https:\/\/magazine.100pour100chassepeche.com\/edition-3-septembre-2022\/mon-compte\/#primaryimage"},"thumbnailUrl":"https:\/\/magazine.100pour100chassepeche.com\/wp-content\/uploads\/sites\/5\/2022\/02\/logo_100_chasse_peche.png","datePublished":"2022-09-12T18:33:17+00:00","dateModified":"2022-09-12T18:38:09+00:00","breadcrumb":{"@id":"https:\/\/magazine.100pour100chassepeche.com\/edition-3-septembre-2022\/mon-compte\/#breadcrumb"},"inLanguage":"fr-FR","potentialAction":[{"@type":"ReadAction","target":["https:\/\/magazine.100pour100chassepeche.com\/edition-3-septembre-2022\/mon-compte\/"]}]},{"@type":"ImageObject","inLanguage":"fr-FR","@id":"https:\/\/magazine.100pour100chassepeche.com\/edition-3-septembre-2022\/mon-compte\/#primaryimage","url":"https:\/\/magazine.100pour100chassepeche.com\/wp-content\/uploads\/sites\/5\/2022\/02\/logo_100_chasse_peche.png","contentUrl":"https:\/\/magazine.100pour100chassepeche.com\/wp-content\/uploads\/sites\/5\/2022\/02\/logo_100_chasse_peche.png"},{"@type":"BreadcrumbList","@id":"https:\/\/magazine.100pour100chassepeche.com\/edition-3-septembre-2022\/mon-compte\/#breadcrumb","itemListElement":[{"@type":"ListItem","position":1,"name":"Accueil","item":"https:\/\/magazine.100pour100chassepeche.com\/edition-3-septembre-2022\/"},{"@type":"ListItem","position":2,"name":"Mon compte"}]},{"@type":"WebSite","@id":"https:\/\/magazine.100pour100chassepeche.com\/edition-3-septembre-2022\/#website","url":"https:\/\/magazine.100pour100chassepeche.com\/edition-3-septembre-2022\/","name":"Magazine - \u00c9dition 3 - Septembre 2022","description":"Magazine Web gratuit","potentialAction":[{"@type":"SearchAction","target":{"@type":"EntryPoint","urlTemplate":"https:\/\/magazine.100pour100chassepeche.com\/edition-3-septembre-2022\/?s={search_term_string}"},"query-input":"required name=search_term_string"}],"inLanguage":"fr-FR"}]}},"_links":{"self":[{"href":"https:\/\/magazine.100pour100chassepeche.com\/edition-3-septembre-2022\/wp-json\/wp\/v2\/pages\/9823","targetHints":{"allow":["GET"]}}],"collection":[{"href":"https:\/\/magazine.100pour100chassepeche.com\/edition-3-septembre-2022\/wp-json\/wp\/v2\/pages"}],"about":[{"href":"https:\/\/magazine.100pour100chassepeche.com\/edition-3-septembre-2022\/wp-json\/wp\/v2\/types\/page"}],"author":[{"embeddable":true,"href":"https:\/\/magazine.100pour100chassepeche.com\/edition-3-septembre-2022\/wp-json\/wp\/v2\/users\/1"}],"replies":[{"embeddable":true,"href":"https:\/\/magazine.100pour100chassepeche.com\/edition-3-septembre-2022\/wp-json\/wp\/v2\/comments?post=9823"}],"version-history":[{"count":10,"href":"https:\/\/magazine.100pour100chassepeche.com\/edition-3-septembre-2022\/wp-json\/wp\/v2\/pages\/9823\/revisions"}],"predecessor-version":[{"id":9843,"href":"https:\/\/magazine.100pour100chassepeche.com\/edition-3-septembre-2022\/wp-json\/wp\/v2\/pages\/9823\/revisions\/9843"}],"wp:attachment":[{"href":"https:\/\/magazine.100pour100chassepeche.com\/edition-3-septembre-2022\/wp-json\/wp\/v2\/media?parent=9823"}],"curies":[{"name":"wp","href":"https:\/\/api.w.org\/{rel}","templated":true}]}}