{"id":8248,"date":"2022-08-12T15:11:51","date_gmt":"2022-08-12T19:11:51","guid":{"rendered":"https:\/\/magazine.100pour100chassepeche.com\/edition-2-aout-2o22\/?page_id=8248"},"modified":"2022-08-15T14:29:57","modified_gmt":"2022-08-15T18:29:57","slug":"une","status":"publish","type":"page","link":"https:\/\/magazine.100pour100chassepeche.com\/edition-2-aout-2022\/","title":{"rendered":"\u00c9dition Ao\u00fbt 2022"},"content":{"rendered":"\t\t<div data-elementor-type=\"wp-page\" data-elementor-id=\"8248\" class=\"elementor elementor-8248\">\n\t\t\t\t\t\t<section data-particle_enable=\"false\" data-particle-mobile-disabled=\"false\" class=\"elementor-section elementor-top-section elementor-element elementor-element-0ed4b12 elementor-section-content-top elementor-section-full_width elementor-section-height-default elementor-section-height-default elementor-invisible\" data-id=\"0ed4b12\" data-element_type=\"section\" data-settings=\"{&quot;background_background&quot;:&quot;gradient&quot;,&quot;animation&quot;:&quot;fadeIn&quot;}\">\n\t\t\t\t\t\t<div class=\"elementor-container elementor-column-gap-default\">\n\t\t\t\t\t<div class=\"elementor-column elementor-col-50 elementor-top-column elementor-element elementor-element-67f739a elementor-invisible\" data-id=\"67f739a\" data-element_type=\"column\" data-settings=\"{&quot;animation&quot;:&quot;fadeIn&quot;,&quot;background_background&quot;:&quot;gradient&quot;}\">\n\t\t\t<div class=\"elementor-widget-wrap elementor-element-populated\">\n\t\t\t\t\t\t<div class=\"elementor-element elementor-element-86b80eb elementor-widget elementor-widget-image\" data-id=\"86b80eb\" data-element_type=\"widget\" data-widget_type=\"image.default\">\n\t\t\t\t<div class=\"elementor-widget-container\">\n\t\t\t\t\t\t\t\t\t\t\t\t\t<img fetchpriority=\"high\" decoding=\"async\" width=\"600\" height=\"329\" src=\"https:\/\/magazine.100pour100chassepeche.com\/edition-2-aout-2022\/wp-content\/uploads\/sites\/5\/2022\/04\/logo_100chassepeche.png\" class=\"attachment-large size-large wp-image-5775\" alt=\"\" srcset=\"https:\/\/magazine.100pour100chassepeche.com\/edition-2-aout-2022\/wp-content\/uploads\/sites\/5\/2022\/04\/logo_100chassepeche.png 600w, https:\/\/magazine.100pour100chassepeche.com\/edition-2-aout-2022\/wp-content\/uploads\/sites\/5\/2022\/04\/logo_100chassepeche-300x165.png 300w\" sizes=\"(max-width: 600px) 100vw, 600px\" \/>\t\t\t\t\t\t\t\t\t\t\t\t\t<\/div>\n\t\t\t\t<\/div>\n\t\t\t\t<div class=\"elementor-element elementor-element-2b977f3 elementor-widget elementor-widget-menu-anchor\" data-id=\"2b977f3\" data-element_type=\"widget\" data-widget_type=\"menu-anchor.default\">\n\t\t\t\t<div class=\"elementor-widget-container\">\n\t\t\t\t\t<div class=\"elementor-menu-anchor\" id=\"debuter\"><\/div>\n\t\t\t\t<\/div>\n\t\t\t\t<\/div>\n\t\t\t\t\t<\/div>\n\t\t<\/div>\n\t\t\t\t<div class=\"elementor-column elementor-col-50 elementor-top-column elementor-element elementor-element-b17a3af\" data-id=\"b17a3af\" data-element_type=\"column\">\n\t\t\t<div class=\"elementor-widget-wrap elementor-element-populated\">\n\t\t\t\t\t\t<div class=\"elementor-element elementor-element-efae51f e-transform elementor-widget elementor-widget-heading\" data-id=\"efae51f\" data-element_type=\"widget\" data-settings=\"{&quot;_transform_translateY_effect&quot;:{&quot;unit&quot;:&quot;px&quot;,&quot;size&quot;:&quot;0&quot;,&quot;sizes&quot;:[]},&quot;_transform_translateX_effect&quot;:{&quot;unit&quot;:&quot;px&quot;,&quot;size&quot;:&quot;&quot;,&quot;sizes&quot;:[]},&quot;_transform_translateX_effect_tablet&quot;:{&quot;unit&quot;:&quot;px&quot;,&quot;size&quot;:&quot;&quot;,&quot;sizes&quot;:[]},&quot;_transform_translateX_effect_mobile&quot;:{&quot;unit&quot;:&quot;px&quot;,&quot;size&quot;:&quot;&quot;,&quot;sizes&quot;:[]},&quot;_transform_translateY_effect_tablet&quot;:{&quot;unit&quot;:&quot;px&quot;,&quot;size&quot;:&quot;&quot;,&quot;sizes&quot;:[]},&quot;_transform_translateY_effect_mobile&quot;:{&quot;unit&quot;:&quot;px&quot;,&quot;size&quot;:&quot;&quot;,&quot;sizes&quot;:[]}}\" data-widget_type=\"heading.default\">\n\t\t\t\t<div class=\"elementor-widget-container\">\n\t\t\t<h2 class=\"elementor-heading-title elementor-size-default\">\u00c9DITION AO\u00dbT 2022<\/h2>\t\t<\/div>\n\t\t\t\t<\/div>\n\t\t\t\t<div class=\"elementor-element elementor-element-7c75d67 elementor-widget elementor-widget-text-editor\" data-id=\"7c75d67\" data-element_type=\"widget\" data-widget_type=\"text-editor.default\">\n\t\t\t\t<div class=\"elementor-widget-container\">\n\t\t\t\t\t\t\t<p>VOLUME 1 | \u00c9DITION 2<\/p>\t\t\t\t\t\t<\/div>\n\t\t\t\t<\/div>\n\t\t\t\t<div class=\"elementor-element elementor-element-07d4e7c elementor-widget elementor-widget-text-editor\" data-id=\"07d4e7c\" data-element_type=\"widget\" data-widget_type=\"text-editor.default\">\n\t\t\t\t<div class=\"elementor-widget-container\">\n\t\t\t\t\t\t\t<p>8 articles de fond\u00a0 \u00a0 |\u00a0 \u00a0 19 chroniques<\/p>\t\t\t\t\t\t<\/div>\n\t\t\t\t<\/div>\n\t\t\t\t\t<\/div>\n\t\t<\/div>\n\t\t\t\t\t<\/div>\n\t\t<\/section>\n\t\t\t\t<section data-particle_enable=\"false\" data-particle-mobile-disabled=\"false\" class=\"elementor-section elementor-top-section elementor-element elementor-element-39e58ad elementor-section-full_width elementor-hidden-mobile elementor-section-height-default elementor-section-height-default\" data-id=\"39e58ad\" data-element_type=\"section\" data-settings=\"{&quot;background_background&quot;:&quot;classic&quot;}\">\n\t\t\t\t\t\t<div class=\"elementor-container elementor-column-gap-default\">\n\t\t\t\t\t<div class=\"elementor-column elementor-col-100 elementor-top-column elementor-element elementor-element-0ab06e1\" data-id=\"0ab06e1\" data-element_type=\"column\">\n\t\t\t<div class=\"elementor-widget-wrap elementor-element-populated\">\n\t\t\t\t\t\t<div class=\"elementor-element elementor-element-76d7ea8 elementor-widget elementor-widget-video\" data-id=\"76d7ea8\" data-element_type=\"widget\" data-settings=\"{&quot;youtube_url&quot;:&quot;https:\\\/\\\/youtu.be\\\/SRPoIsDB-44&quot;,&quot;loop&quot;:&quot;yes&quot;,&quot;video_type&quot;:&quot;youtube&quot;}\" data-widget_type=\"video.default\">\n\t\t\t\t<div class=\"elementor-widget-container\">\n\t\t\t\t\t<div class=\"elementor-wrapper elementor-open-inline\">\n\t\t\t<div class=\"elementor-video\"><\/div>\t\t<\/div>\n\t\t\t\t<\/div>\n\t\t\t\t<\/div>\n\t\t\t\t\t<\/div>\n\t\t<\/div>\n\t\t\t\t\t<\/div>\n\t\t<\/section>\n\t\t\t\t<section data-particle_enable=\"false\" data-particle-mobile-disabled=\"false\" class=\"elementor-section elementor-top-section elementor-element elementor-element-35fcfb6 elementor-section-full_width elementor-section-height-default elementor-section-height-default\" data-id=\"35fcfb6\" data-element_type=\"section\" data-settings=\"{&quot;background_background&quot;:&quot;classic&quot;}\">\n\t\t\t\t\t\t<div class=\"elementor-container elementor-column-gap-default\">\n\t\t\t\t\t<div class=\"elementor-column elementor-col-100 elementor-top-column elementor-element elementor-element-84bfe79\" data-id=\"84bfe79\" data-element_type=\"column\">\n\t\t\t<div class=\"elementor-widget-wrap elementor-element-populated\">\n\t\t\t\t\t\t<div class=\"elementor-element elementor-element-e84ea4b elementor-hidden-desktop elementor-hidden-tablet elementor-widget elementor-widget-video\" data-id=\"e84ea4b\" data-element_type=\"widget\" data-settings=\"{&quot;youtube_url&quot;:&quot;https:\\\/\\\/youtu.be\\\/nM6RqVltbwU&quot;,&quot;loop&quot;:&quot;yes&quot;,&quot;video_type&quot;:&quot;youtube&quot;}\" data-widget_type=\"video.default\">\n\t\t\t\t<div class=\"elementor-widget-container\">\n\t\t\t\t\t<div class=\"elementor-wrapper elementor-open-inline\">\n\t\t\t<div class=\"elementor-video\"><\/div>\t\t<\/div>\n\t\t\t\t<\/div>\n\t\t\t\t<\/div>\n\t\t\t\t\t<\/div>\n\t\t<\/div>\n\t\t\t\t\t<\/div>\n\t\t<\/section>\n\t\t\t\t<section data-particle_enable=\"false\" data-particle-mobile-disabled=\"false\" class=\"elementor-section elementor-top-section elementor-element elementor-element-2e5ad7e elementor-section-boxed elementor-section-height-default elementor-section-height-default\" data-id=\"2e5ad7e\" data-element_type=\"section\" data-settings=\"{&quot;background_background&quot;:&quot;classic&quot;}\">\n\t\t\t\t\t\t<div class=\"elementor-container elementor-column-gap-default\">\n\t\t\t\t\t<div class=\"elementor-column elementor-col-100 elementor-top-column elementor-element elementor-element-04882c5\" data-id=\"04882c5\" data-element_type=\"column\">\n\t\t\t<div class=\"elementor-widget-wrap elementor-element-populated\">\n\t\t\t\t\t\t<div class=\"elementor-element elementor-element-95ca0c5 elementor-hidden-mobile elementor-widget elementor-widget-image\" data-id=\"95ca0c5\" data-element_type=\"widget\" data-widget_type=\"image.default\">\n\t\t\t\t<div class=\"elementor-widget-container\">\n\t\t\t\t\t\t\t\t\t\t\t\t\t\t<a href=\"https:\/\/reseauzec.com\/\" target=\"_blank\">\n\t\t\t\t\t\t\t<img decoding=\"async\" width=\"1920\" height=\"300\" src=\"https:\/\/magazine.100pour100chassepeche.com\/edition-2-aout-2022\/wp-content\/uploads\/sites\/5\/2022\/08\/Le-Re\u0301seau-a\u0300-de\u0301couvrir-1.gif\" class=\"attachment-full size-full wp-image-7934\" alt=\"\" \/>\t\t\t\t\t\t\t\t<\/a>\n\t\t\t\t\t\t\t\t\t\t\t\t\t<\/div>\n\t\t\t\t<\/div>\n\t\t\t\t<div class=\"elementor-element elementor-element-a5478ba elementor-hidden-desktop elementor-hidden-tablet elementor-widget elementor-widget-image\" data-id=\"a5478ba\" data-element_type=\"widget\" data-widget_type=\"image.default\">\n\t\t\t\t<div class=\"elementor-widget-container\">\n\t\t\t\t\t\t\t\t\t\t\t\t\t\t<a href=\"https:\/\/reseauzec.com\/\" target=\"_blank\">\n\t\t\t\t\t\t\t<img decoding=\"async\" width=\"360\" height=\"155\" src=\"https:\/\/magazine.100pour100chassepeche.com\/edition-2-aout-2022\/wp-content\/uploads\/sites\/5\/2022\/08\/Le-Re\u0301seau-a\u0300-de\u0301couvrir-2.gif\" class=\"attachment-full size-full wp-image-7933\" alt=\"\" \/>\t\t\t\t\t\t\t\t<\/a>\n\t\t\t\t\t\t\t\t\t\t\t\t\t<\/div>\n\t\t\t\t<\/div>\n\t\t\t\t<div class=\"elementor-element elementor-element-a1d8ead elementor-align-center elementor-widget elementor-widget-button\" data-id=\"a1d8ead\" data-element_type=\"widget\" data-widget_type=\"button.default\">\n\t\t\t\t<div class=\"elementor-widget-container\">\n\t\t\t\t\t<div class=\"elementor-button-wrapper\">\n\t\t\t<a class=\"elementor-button elementor-button-link elementor-size-xl\" href=\"https:\/\/magazine.100pour100chassepeche.com\/edition-2-aout-2022\/tableau-de-bord\/\">\n\t\t\t\t\t\t<span class=\"elementor-button-content-wrapper\">\n\t\t\t\t\t\t\t\t\t<span class=\"elementor-button-text\">D\u00c9BUTER LA LECTURE<\/span>\n\t\t\t\t\t<\/span>\n\t\t\t\t\t<\/a>\n\t\t<\/div>\n\t\t\t\t<\/div>\n\t\t\t\t<\/div>\n\t\t\t\t\t<\/div>\n\t\t<\/div>\n\t\t\t\t\t<\/div>\n\t\t<\/section>\n\t\t\t\t<\/div>\n\t\t","protected":false},"excerpt":{"rendered":"<p>\u00c9DITION AO\u00dbT 2022 VOLUME 1 | \u00c9DITION 2 8 articles de fond\u00a0 \u00a0 |\u00a0 \u00a0 19 chroniques https:\/\/youtu.be\/SRPoIsDB-44https:\/\/youtu.be\/nM6RqVltbwU D\u00c9BUTER LA LECTURE<\/p>\n","protected":false},"author":1,"featured_media":0,"parent":0,"menu_order":1,"comment_status":"closed","ping_status":"closed","template":"","meta":{"site-sidebar-layout":"no-sidebar","site-content-layout":"page-builder","ast-site-content-layout":"","site-content-style":"default","site-sidebar-style":"default","ast-global-header-display":"","ast-banner-title-visibility":"","ast-main-header-display":"","ast-hfb-above-header-display":"","ast-hfb-below-header-display":"","ast-hfb-mobile-header-display":"","site-post-title":"disabled","ast-breadcrumbs-content":"","ast-featured-img":"disabled","footer-sml-layout":"","theme-transparent-header-meta":"","adv-header-id-meta":"","stick-header-meta":"","header-above-stick-meta":"","header-main-stick-meta":"","header-below-stick-meta":"","astra-migrate-meta-layouts":"default","ast-page-background-enabled":"default","ast-page-background-meta":{"desktop":{"background-color":"","background-image":"","background-repeat":"repeat","background-position":"center center","background-size":"auto","background-attachment":"scroll","background-type":"","background-media":"","overlay-type":"","overlay-color":"","overlay-opacity":"","overlay-gradient":""},"tablet":{"background-color":"","background-image":"","background-repeat":"repeat","background-position":"center center","background-size":"auto","background-attachment":"scroll","background-type":"","background-media":"","overlay-type":"","overlay-color":"","overlay-opacity":"","overlay-gradient":""},"mobile":{"background-color":"","background-image":"","background-repeat":"repeat","background-position":"center center","background-size":"auto","background-attachment":"scroll","background-type":"","background-media":"","overlay-type":"","overlay-color":"","overlay-opacity":"","overlay-gradient":""}},"ast-content-background-meta":{"desktop":{"background-color":"var(--ast-global-color-5)","background-image":"","background-repeat":"repeat","background-position":"center center","background-size":"auto","background-attachment":"scroll","background-type":"","background-media":"","overlay-type":"","overlay-color":"","overlay-opacity":"","overlay-gradient":""},"tablet":{"background-color":"var(--ast-global-color-5)","background-image":"","background-repeat":"repeat","background-position":"center center","background-size":"auto","background-attachment":"scroll","background-type":"","background-media":"","overlay-type":"","overlay-color":"","overlay-opacity":"","overlay-gradient":""},"mobile":{"background-color":"var(--ast-global-color-5)","background-image":"","background-repeat":"repeat","background-position":"center center","background-size":"auto","background-attachment":"scroll","background-type":"","background-media":"","overlay-type":"","overlay-color":"","overlay-opacity":"","overlay-gradient":""}},"footnotes":""},"class_list":["post-8248","page","type-page","status-publish","hentry"],"yoast_head":"<!-- This site is optimized with the Yoast SEO plugin v23.3 - https:\/\/yoast.com\/wordpress\/plugins\/seo\/ -->\n<title>\u00c9dition Ao\u00fbt 2022 - Magazine - \u00c9dition 2 - Ao\u00fbt 2022<\/title>\n<meta name=\"robots\" content=\"index, follow, max-snippet:-1, max-image-preview:large, max-video-preview:-1\" \/>\n<link rel=\"canonical\" href=\"https:\/\/magazine.100pour100chassepeche.com\/edition-2-aout-2022\/\" \/>\n<meta property=\"og:locale\" content=\"fr_FR\" \/>\n<meta property=\"og:type\" content=\"article\" \/>\n<meta property=\"og:title\" content=\"\u00c9dition Ao\u00fbt 2022 - Magazine - \u00c9dition 2 - Ao\u00fbt 2022\" \/>\n<meta property=\"og:description\" content=\"\u00c9DITION AO\u00dbT 2022 VOLUME 1 | \u00c9DITION 2 8 articles de fond\u00a0 \u00a0 |\u00a0 \u00a0 19 chroniques https:\/\/youtu.be\/SRPoIsDB-44https:\/\/youtu.be\/nM6RqVltbwU D\u00c9BUTER LA LECTURE\" \/>\n<meta property=\"og:url\" content=\"https:\/\/magazine.100pour100chassepeche.com\/edition-2-aout-2022\/\" \/>\n<meta property=\"og:site_name\" content=\"Magazine - \u00c9dition 2 - Ao\u00fbt 2022\" \/>\n<meta property=\"article:modified_time\" content=\"2022-08-15T18:29:57+00:00\" \/>\n<meta property=\"og:image\" content=\"https:\/\/magazine.100pour100chassepeche.com\/edition-2-aout-2022\/wp-content\/uploads\/sites\/5\/2022\/04\/logo_100chassepeche.png\" \/>\n<meta name=\"twitter:card\" content=\"summary_large_image\" \/>\n<meta name=\"twitter:label1\" content=\"Dur\u00e9e de lecture estim\u00e9e\" \/>\n\t<meta name=\"twitter:data1\" content=\"1 minute\" \/>\n<script type=\"application\/ld+json\" class=\"yoast-schema-graph\">{\"@context\":\"https:\/\/schema.org\",\"@graph\":[{\"@type\":\"WebPage\",\"@id\":\"https:\/\/magazine.100pour100chassepeche.com\/edition-2-aout-2022\/\",\"url\":\"https:\/\/magazine.100pour100chassepeche.com\/edition-2-aout-2022\/\",\"name\":\"\u00c9dition Ao\u00fbt 2022 - Magazine - \u00c9dition 2 - Ao\u00fbt 2022\",\"isPartOf\":{\"@id\":\"https:\/\/magazine.100pour100chassepeche.com\/edition-2-aout-2022\/#website\"},\"primaryImageOfPage\":{\"@id\":\"https:\/\/magazine.100pour100chassepeche.com\/edition-2-aout-2022\/#primaryimage\"},\"image\":{\"@id\":\"https:\/\/magazine.100pour100chassepeche.com\/edition-2-aout-2022\/#primaryimage\"},\"thumbnailUrl\":\"https:\/\/magazine.100pour100chassepeche.com\/edition-2-aout-2022\/wp-content\/uploads\/sites\/5\/2022\/04\/logo_100chassepeche.png\",\"datePublished\":\"2022-08-12T19:11:51+00:00\",\"dateModified\":\"2022-08-15T18:29:57+00:00\",\"breadcrumb\":{\"@id\":\"https:\/\/magazine.100pour100chassepeche.com\/edition-2-aout-2022\/#breadcrumb\"},\"inLanguage\":\"fr-FR\",\"potentialAction\":[{\"@type\":\"ReadAction\",\"target\":[\"https:\/\/magazine.100pour100chassepeche.com\/edition-2-aout-2022\/\"]}]},{\"@type\":\"ImageObject\",\"inLanguage\":\"fr-FR\",\"@id\":\"https:\/\/magazine.100pour100chassepeche.com\/edition-2-aout-2022\/#primaryimage\",\"url\":\"https:\/\/magazine.100pour100chassepeche.com\/edition-2-aout-2022\/wp-content\/uploads\/sites\/5\/2022\/04\/logo_100chassepeche.png\",\"contentUrl\":\"https:\/\/magazine.100pour100chassepeche.com\/edition-2-aout-2022\/wp-content\/uploads\/sites\/5\/2022\/04\/logo_100chassepeche.png\",\"width\":600,\"height\":329},{\"@type\":\"BreadcrumbList\",\"@id\":\"https:\/\/magazine.100pour100chassepeche.com\/edition-2-aout-2022\/#breadcrumb\",\"itemListElement\":[{\"@type\":\"ListItem\",\"position\":1,\"name\":\"Accueil\",\"item\":\"https:\/\/magazine.100pour100chassepeche.com\/edition-2-aout-2022\/\"},{\"@type\":\"ListItem\",\"position\":2,\"name\":\"\u00c9dition Ao\u00fbt 2022\"}]},{\"@type\":\"WebSite\",\"@id\":\"https:\/\/magazine.100pour100chassepeche.com\/edition-2-aout-2022\/#website\",\"url\":\"https:\/\/magazine.100pour100chassepeche.com\/edition-2-aout-2022\/\",\"name\":\"Magazine - \u00c9dition 2 - Ao\u00fbt 2022\",\"description\":\"Magazine Web gratuit\",\"potentialAction\":[{\"@type\":\"SearchAction\",\"target\":{\"@type\":\"EntryPoint\",\"urlTemplate\":\"https:\/\/magazine.100pour100chassepeche.com\/edition-2-aout-2022\/?s={search_term_string}\"},\"query-input\":\"required name=search_term_string\"}],\"inLanguage\":\"fr-FR\"}]}<\/script>\n<!-- \/ Yoast SEO plugin. -->","yoast_head_json":{"title":"\u00c9dition Ao\u00fbt 2022 - Magazine - \u00c9dition 2 - Ao\u00fbt 2022","robots":{"index":"index","follow":"follow","max-snippet":"max-snippet:-1","max-image-preview":"max-image-preview:large","max-video-preview":"max-video-preview:-1"},"canonical":"https:\/\/magazine.100pour100chassepeche.com\/edition-2-aout-2022\/","og_locale":"fr_FR","og_type":"article","og_title":"\u00c9dition Ao\u00fbt 2022 - Magazine - \u00c9dition 2 - Ao\u00fbt 2022","og_description":"\u00c9DITION AO\u00dbT 2022 VOLUME 1 | \u00c9DITION 2 8 articles de fond\u00a0 \u00a0 |\u00a0 \u00a0 19 chroniques https:\/\/youtu.be\/SRPoIsDB-44https:\/\/youtu.be\/nM6RqVltbwU D\u00c9BUTER LA LECTURE","og_url":"https:\/\/magazine.100pour100chassepeche.com\/edition-2-aout-2022\/","og_site_name":"Magazine - \u00c9dition 2 - Ao\u00fbt 2022","article_modified_time":"2022-08-15T18:29:57+00:00","og_image":[{"url":"https:\/\/magazine.100pour100chassepeche.com\/edition-2-aout-2022\/wp-content\/uploads\/sites\/5\/2022\/04\/logo_100chassepeche.png"}],"twitter_card":"summary_large_image","twitter_misc":{"Dur\u00e9e de lecture estim\u00e9e":"1 minute"},"schema":{"@context":"https:\/\/schema.org","@graph":[{"@type":"WebPage","@id":"https:\/\/magazine.100pour100chassepeche.com\/edition-2-aout-2022\/","url":"https:\/\/magazine.100pour100chassepeche.com\/edition-2-aout-2022\/","name":"\u00c9dition Ao\u00fbt 2022 - Magazine - \u00c9dition 2 - Ao\u00fbt 2022","isPartOf":{"@id":"https:\/\/magazine.100pour100chassepeche.com\/edition-2-aout-2022\/#website"},"primaryImageOfPage":{"@id":"https:\/\/magazine.100pour100chassepeche.com\/edition-2-aout-2022\/#primaryimage"},"image":{"@id":"https:\/\/magazine.100pour100chassepeche.com\/edition-2-aout-2022\/#primaryimage"},"thumbnailUrl":"https:\/\/magazine.100pour100chassepeche.com\/edition-2-aout-2022\/wp-content\/uploads\/sites\/5\/2022\/04\/logo_100chassepeche.png","datePublished":"2022-08-12T19:11:51+00:00","dateModified":"2022-08-15T18:29:57+00:00","breadcrumb":{"@id":"https:\/\/magazine.100pour100chassepeche.com\/edition-2-aout-2022\/#breadcrumb"},"inLanguage":"fr-FR","potentialAction":[{"@type":"ReadAction","target":["https:\/\/magazine.100pour100chassepeche.com\/edition-2-aout-2022\/"]}]},{"@type":"ImageObject","inLanguage":"fr-FR","@id":"https:\/\/magazine.100pour100chassepeche.com\/edition-2-aout-2022\/#primaryimage","url":"https:\/\/magazine.100pour100chassepeche.com\/edition-2-aout-2022\/wp-content\/uploads\/sites\/5\/2022\/04\/logo_100chassepeche.png","contentUrl":"https:\/\/magazine.100pour100chassepeche.com\/edition-2-aout-2022\/wp-content\/uploads\/sites\/5\/2022\/04\/logo_100chassepeche.png","width":600,"height":329},{"@type":"BreadcrumbList","@id":"https:\/\/magazine.100pour100chassepeche.com\/edition-2-aout-2022\/#breadcrumb","itemListElement":[{"@type":"ListItem","position":1,"name":"Accueil","item":"https:\/\/magazine.100pour100chassepeche.com\/edition-2-aout-2022\/"},{"@type":"ListItem","position":2,"name":"\u00c9dition Ao\u00fbt 2022"}]},{"@type":"WebSite","@id":"https:\/\/magazine.100pour100chassepeche.com\/edition-2-aout-2022\/#website","url":"https:\/\/magazine.100pour100chassepeche.com\/edition-2-aout-2022\/","name":"Magazine - \u00c9dition 2 - Ao\u00fbt 2022","description":"Magazine Web gratuit","potentialAction":[{"@type":"SearchAction","target":{"@type":"EntryPoint","urlTemplate":"https:\/\/magazine.100pour100chassepeche.com\/edition-2-aout-2022\/?s={search_term_string}"},"query-input":"required name=search_term_string"}],"inLanguage":"fr-FR"}]}},"_links":{"self":[{"href":"https:\/\/magazine.100pour100chassepeche.com\/edition-2-aout-2022\/wp-json\/wp\/v2\/pages\/8248","targetHints":{"allow":["GET"]}}],"collection":[{"href":"https:\/\/magazine.100pour100chassepeche.com\/edition-2-aout-2022\/wp-json\/wp\/v2\/pages"}],"about":[{"href":"https:\/\/magazine.100pour100chassepeche.com\/edition-2-aout-2022\/wp-json\/wp\/v2\/types\/page"}],"author":[{"embeddable":true,"href":"https:\/\/magazine.100pour100chassepeche.com\/edition-2-aout-2022\/wp-json\/wp\/v2\/users\/1"}],"replies":[{"embeddable":true,"href":"https:\/\/magazine.100pour100chassepeche.com\/edition-2-aout-2022\/wp-json\/wp\/v2\/comments?post=8248"}],"version-history":[{"count":121,"href":"https:\/\/magazine.100pour100chassepeche.com\/edition-2-aout-2022\/wp-json\/wp\/v2\/pages\/8248\/revisions"}],"predecessor-version":[{"id":8651,"href":"https:\/\/magazine.100pour100chassepeche.com\/edition-2-aout-2022\/wp-json\/wp\/v2\/pages\/8248\/revisions\/8651"}],"wp:attachment":[{"href":"https:\/\/magazine.100pour100chassepeche.com\/edition-2-aout-2022\/wp-json\/wp\/v2\/media?parent=8248"}],"curies":[{"name":"wp","href":"https:\/\/api.w.org\/{rel}","templated":true}]}}