{"id":8248,"date":"2023-02-01T10:00:51","date_gmt":"2023-02-01T15:00:51","guid":{"rendered":"https:\/\/magazine.100pour100chassepeche.com\/edition-2-aout-2o22\/?page_id=8248"},"modified":"2023-04-14T15:51:35","modified_gmt":"2023-04-14T19:51:35","slug":"une","status":"publish","type":"page","link":"https:\/\/magazine.100pour100chassepeche.com\/202304\/","title":{"rendered":"\u00c9dition"},"content":{"rendered":"\t\t<div data-elementor-type=\"wp-page\" data-elementor-id=\"8248\" class=\"elementor elementor-8248\">\n\t\t\t\t\t\t<section data-particle_enable=\"false\" data-particle-mobile-disabled=\"false\" class=\"elementor-section elementor-top-section elementor-element elementor-element-0ed4b12 elementor-section-content-top elementor-section-full_width elementor-section-height-default elementor-section-height-default elementor-invisible\" data-id=\"0ed4b12\" data-element_type=\"section\" data-settings=\"{&quot;background_background&quot;:&quot;gradient&quot;,&quot;animation&quot;:&quot;fadeIn&quot;}\">\n\t\t\t\t\t\t<div class=\"elementor-container elementor-column-gap-default\">\n\t\t\t\t\t<div class=\"elementor-column elementor-col-50 elementor-top-column elementor-element elementor-element-67f739a elementor-invisible\" data-id=\"67f739a\" data-element_type=\"column\" data-settings=\"{&quot;animation&quot;:&quot;fadeIn&quot;,&quot;background_background&quot;:&quot;gradient&quot;}\">\n\t\t\t<div class=\"elementor-widget-wrap elementor-element-populated\">\n\t\t\t\t\t\t<div class=\"elementor-element elementor-element-86b80eb elementor-widget elementor-widget-image\" data-id=\"86b80eb\" data-element_type=\"widget\" data-widget_type=\"image.default\">\n\t\t\t\t<div class=\"elementor-widget-container\">\n\t\t\t\t\t\t\t\t\t\t\t\t\t<img decoding=\"async\" src=\"https:\/\/magazine.100pour100chassepeche.com\/wp-content\/uploads\/sites\/5\/2022\/04\/logo_100chassepeche.png\" title=\"\" alt=\"\" loading=\"lazy\" \/>\t\t\t\t\t\t\t\t\t\t\t\t\t<\/div>\n\t\t\t\t<\/div>\n\t\t\t\t<div class=\"elementor-element elementor-element-2b977f3 elementor-widget elementor-widget-menu-anchor\" data-id=\"2b977f3\" data-element_type=\"widget\" data-widget_type=\"menu-anchor.default\">\n\t\t\t\t<div class=\"elementor-widget-container\">\n\t\t\t\t\t<div class=\"elementor-menu-anchor\" id=\"debuter\"><\/div>\n\t\t\t\t<\/div>\n\t\t\t\t<\/div>\n\t\t\t\t\t<\/div>\n\t\t<\/div>\n\t\t\t\t<div class=\"elementor-column elementor-col-50 elementor-top-column elementor-element elementor-element-b17a3af\" data-id=\"b17a3af\" data-element_type=\"column\">\n\t\t\t<div class=\"elementor-widget-wrap elementor-element-populated\">\n\t\t\t\t\t\t<div class=\"elementor-element elementor-element-efae51f e-transform elementor-widget elementor-widget-heading\" data-id=\"efae51f\" data-element_type=\"widget\" data-settings=\"{&quot;_transform_translateY_effect&quot;:{&quot;unit&quot;:&quot;px&quot;,&quot;size&quot;:&quot;0&quot;,&quot;sizes&quot;:[]},&quot;_transform_translateX_effect&quot;:{&quot;unit&quot;:&quot;px&quot;,&quot;size&quot;:&quot;&quot;,&quot;sizes&quot;:[]},&quot;_transform_translateX_effect_tablet&quot;:{&quot;unit&quot;:&quot;px&quot;,&quot;size&quot;:&quot;&quot;,&quot;sizes&quot;:[]},&quot;_transform_translateX_effect_mobile&quot;:{&quot;unit&quot;:&quot;px&quot;,&quot;size&quot;:&quot;&quot;,&quot;sizes&quot;:[]},&quot;_transform_translateY_effect_tablet&quot;:{&quot;unit&quot;:&quot;px&quot;,&quot;size&quot;:&quot;&quot;,&quot;sizes&quot;:[]},&quot;_transform_translateY_effect_mobile&quot;:{&quot;unit&quot;:&quot;px&quot;,&quot;size&quot;:&quot;&quot;,&quot;sizes&quot;:[]}}\" data-widget_type=\"heading.default\">\n\t\t\t\t<div class=\"elementor-widget-container\">\n\t\t\t<h2 class=\"elementor-heading-title elementor-size-default\">\u00c9DITION AVRIL 2023<\/h2>\t\t<\/div>\n\t\t\t\t<\/div>\n\t\t\t\t<div class=\"elementor-element elementor-element-7c75d67 elementor-widget elementor-widget-text-editor\" data-id=\"7c75d67\" data-element_type=\"widget\" data-widget_type=\"text-editor.default\">\n\t\t\t\t<div class=\"elementor-widget-container\">\n\t\t\t\t\t\t\t<p>VOLUME 2 | \u00c9DITION 2<\/p>\t\t\t\t\t\t<\/div>\n\t\t\t\t<\/div>\n\t\t\t\t<div class=\"elementor-element elementor-element-07d4e7c elementor-widget elementor-widget-text-editor\" data-id=\"07d4e7c\" data-element_type=\"widget\" data-widget_type=\"text-editor.default\">\n\t\t\t\t<div class=\"elementor-widget-container\">\n\t\t\t\t\t\t\t<p>13 articles de fond\u00a0 \u00a0 |\u00a0 \u00a0 14 chroniques<\/p>\t\t\t\t\t\t<\/div>\n\t\t\t\t<\/div>\n\t\t\t\t\t<\/div>\n\t\t<\/div>\n\t\t\t\t\t<\/div>\n\t\t<\/section>\n\t\t\t\t<section data-particle_enable=\"false\" data-particle-mobile-disabled=\"false\" class=\"elementor-section elementor-top-section elementor-element elementor-element-577caf5 elementor-section-items-top elementor-hidden-mobile elementor-section-height-full elementor-section-boxed elementor-section-height-default\" data-id=\"577caf5\" data-element_type=\"section\" data-settings=\"{&quot;background_background&quot;:&quot;classic&quot;}\">\n\t\t\t\t\t\t<div class=\"elementor-container elementor-column-gap-default\">\n\t\t\t\t\t<div class=\"elementor-column elementor-col-50 elementor-top-column elementor-element elementor-element-a392c42\" data-id=\"a392c42\" data-element_type=\"column\">\n\t\t\t<div class=\"elementor-widget-wrap\">\n\t\t\t\t\t\t\t<\/div>\n\t\t<\/div>\n\t\t\t\t<div class=\"elementor-column elementor-col-50 elementor-top-column elementor-element elementor-element-23ea266\" data-id=\"23ea266\" data-element_type=\"column\" data-settings=\"{&quot;background_background&quot;:&quot;classic&quot;}\">\n\t\t\t<div class=\"elementor-widget-wrap elementor-element-populated\">\n\t\t\t\t\t\t<div class=\"elementor-element elementor-element-2c43359 elementor-invisible elementor-widget elementor-widget-heading\" data-id=\"2c43359\" data-element_type=\"widget\" data-settings=\"{&quot;_animation&quot;:&quot;flash&quot;}\" data-widget_type=\"heading.default\">\n\t\t\t\t<div class=\"elementor-widget-container\">\n\t\t\t<h2 class=\"elementor-heading-title elementor-size-default\">SP\u00c9CIAL SALINE<\/h2>\t\t<\/div>\n\t\t\t\t<\/div>\n\t\t\t\t<div class=\"elementor-element elementor-element-fb43d08 elementor-invisible elementor-widget elementor-widget-heading\" data-id=\"fb43d08\" data-element_type=\"widget\" data-settings=\"{&quot;_animation&quot;:&quot;rollIn&quot;,&quot;_animation_delay&quot;:500}\" data-widget_type=\"heading.default\">\n\t\t\t\t<div class=\"elementor-widget-container\">\n\t\t\t<h2 class=\"elementor-heading-title elementor-size-default\">+<\/h2>\t\t<\/div>\n\t\t\t\t<\/div>\n\t\t\t\t<div class=\"elementor-element elementor-element-455de52 elementor-invisible elementor-widget elementor-widget-heading\" data-id=\"455de52\" data-element_type=\"widget\" data-settings=\"{&quot;_animation&quot;:&quot;fadeInRight&quot;,&quot;_animation_delay&quot;:1000}\" data-widget_type=\"heading.default\">\n\t\t\t\t<div class=\"elementor-widget-container\">\n\t\t\t<h2 class=\"elementor-heading-title elementor-size-default\">CONSEILS<\/h2>\t\t<\/div>\n\t\t\t\t<\/div>\n\t\t\t\t<div class=\"elementor-element elementor-element-c3c676f elementor-invisible elementor-widget elementor-widget-heading\" data-id=\"c3c676f\" data-element_type=\"widget\" data-settings=\"{&quot;_animation&quot;:&quot;fadeInRight&quot;,&quot;_animation_delay&quot;:1000}\" data-widget_type=\"heading.default\">\n\t\t\t\t<div class=\"elementor-widget-container\">\n\t\t\t<h2 class=\"elementor-heading-title elementor-size-default\">de diff\u00e9rents fabricants<\/h2>\t\t<\/div>\n\t\t\t\t<\/div>\n\t\t\t\t\t<\/div>\n\t\t<\/div>\n\t\t\t\t\t<\/div>\n\t\t<\/section>\n\t\t\t\t<section data-particle_enable=\"false\" data-particle-mobile-disabled=\"false\" class=\"elementor-section elementor-top-section elementor-element elementor-element-83d2eca elementor-hidden-desktop elementor-hidden-tablet elementor-section-boxed elementor-section-height-default elementor-section-height-default\" data-id=\"83d2eca\" data-element_type=\"section\" data-settings=\"{&quot;background_background&quot;:&quot;classic&quot;}\">\n\t\t\t\t\t\t<div class=\"elementor-container elementor-column-gap-default\">\n\t\t\t\t\t<div class=\"elementor-column elementor-col-100 elementor-top-column elementor-element elementor-element-2f5d93a\" data-id=\"2f5d93a\" data-element_type=\"column\" data-settings=\"{&quot;background_background&quot;:&quot;classic&quot;}\">\n\t\t\t<div class=\"elementor-widget-wrap elementor-element-populated\">\n\t\t\t\t\t\t<div class=\"elementor-element elementor-element-af1e15f elementor-invisible elementor-widget elementor-widget-heading\" data-id=\"af1e15f\" data-element_type=\"widget\" data-settings=\"{&quot;_animation&quot;:&quot;flash&quot;}\" data-widget_type=\"heading.default\">\n\t\t\t\t<div class=\"elementor-widget-container\">\n\t\t\t<h2 class=\"elementor-heading-title elementor-size-default\">SP\u00c9CIAL SALINE<\/h2>\t\t<\/div>\n\t\t\t\t<\/div>\n\t\t\t\t<div class=\"elementor-element elementor-element-040d3f0 elementor-invisible elementor-widget elementor-widget-heading\" data-id=\"040d3f0\" data-element_type=\"widget\" data-settings=\"{&quot;_animation&quot;:&quot;rollIn&quot;,&quot;_animation_delay&quot;:500}\" data-widget_type=\"heading.default\">\n\t\t\t\t<div class=\"elementor-widget-container\">\n\t\t\t<h2 class=\"elementor-heading-title elementor-size-default\">+<\/h2>\t\t<\/div>\n\t\t\t\t<\/div>\n\t\t\t\t<div class=\"elementor-element elementor-element-9acd3e6 elementor-invisible elementor-widget elementor-widget-heading\" data-id=\"9acd3e6\" data-element_type=\"widget\" data-settings=\"{&quot;_animation&quot;:&quot;fadeInRight&quot;,&quot;_animation_delay&quot;:1000}\" data-widget_type=\"heading.default\">\n\t\t\t\t<div class=\"elementor-widget-container\">\n\t\t\t<h2 class=\"elementor-heading-title elementor-size-default\">CONSEILS<\/h2>\t\t<\/div>\n\t\t\t\t<\/div>\n\t\t\t\t<div class=\"elementor-element elementor-element-fa92dac elementor-invisible elementor-widget elementor-widget-heading\" data-id=\"fa92dac\" data-element_type=\"widget\" data-settings=\"{&quot;_animation&quot;:&quot;fadeInRight&quot;,&quot;_animation_delay&quot;:1000}\" data-widget_type=\"heading.default\">\n\t\t\t\t<div class=\"elementor-widget-container\">\n\t\t\t<h2 class=\"elementor-heading-title elementor-size-default\">de diff\u00e9rents fabricants<\/h2>\t\t<\/div>\n\t\t\t\t<\/div>\n\t\t\t\t<div class=\"elementor-element elementor-element-6651de8 elementor-widget elementor-widget-image\" data-id=\"6651de8\" data-element_type=\"widget\" data-widget_type=\"image.default\">\n\t\t\t\t<div class=\"elementor-widget-container\">\n\t\t\t\t\t\t\t\t\t\t\t\t\t<img fetchpriority=\"high\" decoding=\"async\" width=\"891\" height=\"1024\" src=\"https:\/\/magazine.100pour100chassepeche.com\/202304\/wp-content\/uploads\/sites\/16\/2023\/04\/une_mob-1-891x1024.jpg\" class=\"attachment-large size-large wp-image-15537\" alt=\"\" srcset=\"https:\/\/magazine.100pour100chassepeche.com\/202304\/wp-content\/uploads\/sites\/16\/2023\/04\/une_mob-1-891x1024.jpg 891w, https:\/\/magazine.100pour100chassepeche.com\/202304\/wp-content\/uploads\/sites\/16\/2023\/04\/une_mob-1-261x300.jpg 261w, https:\/\/magazine.100pour100chassepeche.com\/202304\/wp-content\/uploads\/sites\/16\/2023\/04\/une_mob-1-768x883.jpg 768w, https:\/\/magazine.100pour100chassepeche.com\/202304\/wp-content\/uploads\/sites\/16\/2023\/04\/une_mob-1.jpg 1113w\" sizes=\"(max-width: 891px) 100vw, 891px\" \/>\t\t\t\t\t\t\t\t\t\t\t\t\t<\/div>\n\t\t\t\t<\/div>\n\t\t\t\t\t<\/div>\n\t\t<\/div>\n\t\t\t\t\t<\/div>\n\t\t<\/section>\n\t\t\t\t<section data-particle_enable=\"false\" data-particle-mobile-disabled=\"false\" class=\"elementor-section elementor-top-section elementor-element elementor-element-2e5ad7e elementor-section-boxed elementor-section-height-default elementor-section-height-default\" data-id=\"2e5ad7e\" data-element_type=\"section\" data-settings=\"{&quot;background_background&quot;:&quot;classic&quot;}\">\n\t\t\t\t\t\t<div class=\"elementor-container elementor-column-gap-default\">\n\t\t\t\t\t<div class=\"elementor-column elementor-col-100 elementor-top-column elementor-element elementor-element-04882c5\" data-id=\"04882c5\" data-element_type=\"column\">\n\t\t\t<div class=\"elementor-widget-wrap elementor-element-populated\">\n\t\t\t\t\t\t<div class=\"elementor-element elementor-element-dc0380b elementor-hidden-mobile elementor-widget elementor-widget-wp-widget-advads_ad_widget\" data-id=\"dc0380b\" data-element_type=\"widget\" data-widget_type=\"wp-widget-advads_ad_widget.default\">\n\t\t\t\t<div class=\"elementor-widget-container\">\n\t\t\t<a data-no-instant=\"1\" href=\"https:\/\/reseauzec.com\/\" class=\"adv-link\" aria-label=\"p_zec\"><img decoding=\"async\" src=\"https:\/\/magazine.100pour100chassepeche.com\/202304\/wp-content\/uploads\/sites\/16\/2023\/04\/p_zec.gif\" alt=\"\"  width=\"1590\" height=\"300\"   \/><\/a>\t\t<\/div>\n\t\t\t\t<\/div>\n\t\t\t\t<div class=\"elementor-element elementor-element-32d3370 elementor-hidden-desktop elementor-hidden-tablet elementor-widget elementor-widget-wp-widget-advads_ad_widget\" data-id=\"32d3370\" data-element_type=\"widget\" data-widget_type=\"wp-widget-advads_ad_widget.default\">\n\t\t\t\t<div class=\"elementor-widget-container\">\n\t\t\t<a data-no-instant=\"1\" href=\"https:\/\/reseauzec.com\/\" class=\"adv-link\" aria-label=\"p_zecmob\"><img decoding=\"async\" src=\"https:\/\/magazine.100pour100chassepeche.com\/202304\/wp-content\/uploads\/sites\/16\/2023\/04\/p_zecmob.gif\" alt=\"\"  width=\"360\" height=\"155\"   \/><\/a>\t\t<\/div>\n\t\t\t\t<\/div>\n\t\t\t\t<div class=\"elementor-element elementor-element-a1d8ead elementor-align-center elementor-widget elementor-widget-button\" data-id=\"a1d8ead\" data-element_type=\"widget\" data-widget_type=\"button.default\">\n\t\t\t\t<div class=\"elementor-widget-container\">\n\t\t\t\t\t<div class=\"elementor-button-wrapper\">\n\t\t\t<a class=\"elementor-button elementor-button-link elementor-size-xl\" href=\"https:\/\/magazine.100pour100chassepeche.com\/202304\/tableau-de-bord\/\">\n\t\t\t\t\t\t<span class=\"elementor-button-content-wrapper\">\n\t\t\t\t\t\t\t\t\t<span class=\"elementor-button-text\">D\u00c9BUTER LA LECTURE<\/span>\n\t\t\t\t\t<\/span>\n\t\t\t\t\t<\/a>\n\t\t<\/div>\n\t\t\t\t<\/div>\n\t\t\t\t<\/div>\n\t\t\t\t\t<\/div>\n\t\t<\/div>\n\t\t\t\t\t<\/div>\n\t\t<\/section>\n\t\t\t\t<\/div>\n\t\t","protected":false},"excerpt":{"rendered":"<p>\u00c9DITION AVRIL 2023 VOLUME 2 | \u00c9DITION 2 13 articles de fond\u00a0 \u00a0 |\u00a0 \u00a0 14 chroniques SP\u00c9CIAL SALINE + CONSEILS de diff\u00e9rents fabricants SP\u00c9CIAL SALINE + CONSEILS de diff\u00e9rents fabricants D\u00c9BUTER LA LECTURE<\/p>\n","protected":false},"author":1,"featured_media":0,"parent":0,"menu_order":1,"comment_status":"closed","ping_status":"closed","template":"","meta":{"site-sidebar-layout":"no-sidebar","site-content-layout":"page-builder","ast-site-content-layout":"","site-content-style":"default","site-sidebar-style":"default","ast-global-header-display":"","ast-banner-title-visibility":"","ast-main-header-display":"","ast-hfb-above-header-display":"","ast-hfb-below-header-display":"","ast-hfb-mobile-header-display":"","site-post-title":"disabled","ast-breadcrumbs-content":"","ast-featured-img":"disabled","footer-sml-layout":"","theme-transparent-header-meta":"","adv-header-id-meta":"","stick-header-meta":"","header-above-stick-meta":"","header-main-stick-meta":"","header-below-stick-meta":"","astra-migrate-meta-layouts":"default","ast-page-background-enabled":"default","ast-page-background-meta":{"desktop":{"background-color":"","background-image":"","background-repeat":"repeat","background-position":"center center","background-size":"auto","background-attachment":"scroll","background-type":"","background-media":"","overlay-type":"","overlay-color":"","overlay-opacity":"","overlay-gradient":""},"tablet":{"background-color":"","background-image":"","background-repeat":"repeat","background-position":"center center","background-size":"auto","background-attachment":"scroll","background-type":"","background-media":"","overlay-type":"","overlay-color":"","overlay-opacity":"","overlay-gradient":""},"mobile":{"background-color":"","background-image":"","background-repeat":"repeat","background-position":"center center","background-size":"auto","background-attachment":"scroll","background-type":"","background-media":"","overlay-type":"","overlay-color":"","overlay-opacity":"","overlay-gradient":""}},"ast-content-background-meta":{"desktop":{"background-color":"var(--ast-global-color-5)","background-image":"","background-repeat":"repeat","background-position":"center center","background-size":"auto","background-attachment":"scroll","background-type":"","background-media":"","overlay-type":"","overlay-color":"","overlay-opacity":"","overlay-gradient":""},"tablet":{"background-color":"var(--ast-global-color-5)","background-image":"","background-repeat":"repeat","background-position":"center center","background-size":"auto","background-attachment":"scroll","background-type":"","background-media":"","overlay-type":"","overlay-color":"","overlay-opacity":"","overlay-gradient":""},"mobile":{"background-color":"var(--ast-global-color-5)","background-image":"","background-repeat":"repeat","background-position":"center center","background-size":"auto","background-attachment":"scroll","background-type":"","background-media":"","overlay-type":"","overlay-color":"","overlay-opacity":"","overlay-gradient":""}},"footnotes":""},"class_list":["post-8248","page","type-page","status-publish","hentry"],"yoast_head":"<!-- This site is optimized with the Yoast SEO plugin v23.3 - https:\/\/yoast.com\/wordpress\/plugins\/seo\/ -->\n<title>\u00c9dition - Magazine - Volume 2 - \u00c9dition 2 - Avril 2023<\/title>\n<meta name=\"robots\" content=\"index, follow, max-snippet:-1, max-image-preview:large, max-video-preview:-1\" \/>\n<link rel=\"canonical\" href=\"https:\/\/magazine.100pour100chassepeche.com\/202304\/\" \/>\n<meta property=\"og:locale\" content=\"fr_FR\" \/>\n<meta property=\"og:type\" content=\"article\" \/>\n<meta property=\"og:title\" content=\"\u00c9dition - Magazine - Volume 2 - \u00c9dition 2 - Avril 2023\" \/>\n<meta property=\"og:description\" content=\"\u00c9DITION AVRIL 2023 VOLUME 2 | \u00c9DITION 2 13 articles de fond\u00a0 \u00a0 |\u00a0 \u00a0 14 chroniques SP\u00c9CIAL SALINE + CONSEILS de diff\u00e9rents fabricants SP\u00c9CIAL SALINE + CONSEILS de diff\u00e9rents fabricants D\u00c9BUTER LA LECTURE\" \/>\n<meta property=\"og:url\" content=\"https:\/\/magazine.100pour100chassepeche.com\/202304\/\" \/>\n<meta property=\"og:site_name\" content=\"Magazine - Volume 2 - \u00c9dition 2 - Avril 2023\" \/>\n<meta property=\"article:modified_time\" content=\"2023-04-14T19:51:35+00:00\" \/>\n<meta property=\"og:image\" content=\"https:\/\/magazine.100pour100chassepeche.com\/wp-content\/uploads\/sites\/5\/2022\/04\/logo_100chassepeche.png\" \/>\n<meta name=\"twitter:card\" content=\"summary_large_image\" \/>\n<meta name=\"twitter:label1\" content=\"Dur\u00e9e de lecture estim\u00e9e\" \/>\n\t<meta name=\"twitter:data1\" content=\"1 minute\" \/>\n<script type=\"application\/ld+json\" class=\"yoast-schema-graph\">{\"@context\":\"https:\/\/schema.org\",\"@graph\":[{\"@type\":\"WebPage\",\"@id\":\"https:\/\/magazine.100pour100chassepeche.com\/202304\/\",\"url\":\"https:\/\/magazine.100pour100chassepeche.com\/202304\/\",\"name\":\"\u00c9dition - Magazine - Volume 2 - \u00c9dition 2 - Avril 2023\",\"isPartOf\":{\"@id\":\"https:\/\/magazine.100pour100chassepeche.com\/202304\/#website\"},\"primaryImageOfPage\":{\"@id\":\"https:\/\/magazine.100pour100chassepeche.com\/202304\/#primaryimage\"},\"image\":{\"@id\":\"https:\/\/magazine.100pour100chassepeche.com\/202304\/#primaryimage\"},\"thumbnailUrl\":\"https:\/\/magazine.100pour100chassepeche.com\/wp-content\/uploads\/sites\/5\/2022\/04\/logo_100chassepeche.png\",\"datePublished\":\"2023-02-01T15:00:51+00:00\",\"dateModified\":\"2023-04-14T19:51:35+00:00\",\"breadcrumb\":{\"@id\":\"https:\/\/magazine.100pour100chassepeche.com\/202304\/#breadcrumb\"},\"inLanguage\":\"fr-FR\",\"potentialAction\":[{\"@type\":\"ReadAction\",\"target\":[\"https:\/\/magazine.100pour100chassepeche.com\/202304\/\"]}]},{\"@type\":\"ImageObject\",\"inLanguage\":\"fr-FR\",\"@id\":\"https:\/\/magazine.100pour100chassepeche.com\/202304\/#primaryimage\",\"url\":\"https:\/\/magazine.100pour100chassepeche.com\/wp-content\/uploads\/sites\/5\/2022\/04\/logo_100chassepeche.png\",\"contentUrl\":\"https:\/\/magazine.100pour100chassepeche.com\/wp-content\/uploads\/sites\/5\/2022\/04\/logo_100chassepeche.png\"},{\"@type\":\"BreadcrumbList\",\"@id\":\"https:\/\/magazine.100pour100chassepeche.com\/202304\/#breadcrumb\",\"itemListElement\":[{\"@type\":\"ListItem\",\"position\":1,\"name\":\"Accueil\",\"item\":\"https:\/\/magazine.100pour100chassepeche.com\/202304\/\"},{\"@type\":\"ListItem\",\"position\":2,\"name\":\"\u00c9dition\"}]},{\"@type\":\"WebSite\",\"@id\":\"https:\/\/magazine.100pour100chassepeche.com\/202304\/#website\",\"url\":\"https:\/\/magazine.100pour100chassepeche.com\/202304\/\",\"name\":\"Magazine - Volume 2 - \u00c9dition 2 - Avril 2023\",\"description\":\"Magazine Web gratuit\",\"potentialAction\":[{\"@type\":\"SearchAction\",\"target\":{\"@type\":\"EntryPoint\",\"urlTemplate\":\"https:\/\/magazine.100pour100chassepeche.com\/202304\/?s={search_term_string}\"},\"query-input\":\"required name=search_term_string\"}],\"inLanguage\":\"fr-FR\"}]}<\/script>\n<!-- \/ Yoast SEO plugin. -->","yoast_head_json":{"title":"\u00c9dition - Magazine - Volume 2 - \u00c9dition 2 - Avril 2023","robots":{"index":"index","follow":"follow","max-snippet":"max-snippet:-1","max-image-preview":"max-image-preview:large","max-video-preview":"max-video-preview:-1"},"canonical":"https:\/\/magazine.100pour100chassepeche.com\/202304\/","og_locale":"fr_FR","og_type":"article","og_title":"\u00c9dition - Magazine - Volume 2 - \u00c9dition 2 - Avril 2023","og_description":"\u00c9DITION AVRIL 2023 VOLUME 2 | \u00c9DITION 2 13 articles de fond\u00a0 \u00a0 |\u00a0 \u00a0 14 chroniques SP\u00c9CIAL SALINE + CONSEILS de diff\u00e9rents fabricants SP\u00c9CIAL SALINE + CONSEILS de diff\u00e9rents fabricants D\u00c9BUTER LA LECTURE","og_url":"https:\/\/magazine.100pour100chassepeche.com\/202304\/","og_site_name":"Magazine - Volume 2 - \u00c9dition 2 - Avril 2023","article_modified_time":"2023-04-14T19:51:35+00:00","og_image":[{"url":"https:\/\/magazine.100pour100chassepeche.com\/wp-content\/uploads\/sites\/5\/2022\/04\/logo_100chassepeche.png"}],"twitter_card":"summary_large_image","twitter_misc":{"Dur\u00e9e de lecture estim\u00e9e":"1 minute"},"schema":{"@context":"https:\/\/schema.org","@graph":[{"@type":"WebPage","@id":"https:\/\/magazine.100pour100chassepeche.com\/202304\/","url":"https:\/\/magazine.100pour100chassepeche.com\/202304\/","name":"\u00c9dition - Magazine - Volume 2 - \u00c9dition 2 - Avril 2023","isPartOf":{"@id":"https:\/\/magazine.100pour100chassepeche.com\/202304\/#website"},"primaryImageOfPage":{"@id":"https:\/\/magazine.100pour100chassepeche.com\/202304\/#primaryimage"},"image":{"@id":"https:\/\/magazine.100pour100chassepeche.com\/202304\/#primaryimage"},"thumbnailUrl":"https:\/\/magazine.100pour100chassepeche.com\/wp-content\/uploads\/sites\/5\/2022\/04\/logo_100chassepeche.png","datePublished":"2023-02-01T15:00:51+00:00","dateModified":"2023-04-14T19:51:35+00:00","breadcrumb":{"@id":"https:\/\/magazine.100pour100chassepeche.com\/202304\/#breadcrumb"},"inLanguage":"fr-FR","potentialAction":[{"@type":"ReadAction","target":["https:\/\/magazine.100pour100chassepeche.com\/202304\/"]}]},{"@type":"ImageObject","inLanguage":"fr-FR","@id":"https:\/\/magazine.100pour100chassepeche.com\/202304\/#primaryimage","url":"https:\/\/magazine.100pour100chassepeche.com\/wp-content\/uploads\/sites\/5\/2022\/04\/logo_100chassepeche.png","contentUrl":"https:\/\/magazine.100pour100chassepeche.com\/wp-content\/uploads\/sites\/5\/2022\/04\/logo_100chassepeche.png"},{"@type":"BreadcrumbList","@id":"https:\/\/magazine.100pour100chassepeche.com\/202304\/#breadcrumb","itemListElement":[{"@type":"ListItem","position":1,"name":"Accueil","item":"https:\/\/magazine.100pour100chassepeche.com\/202304\/"},{"@type":"ListItem","position":2,"name":"\u00c9dition"}]},{"@type":"WebSite","@id":"https:\/\/magazine.100pour100chassepeche.com\/202304\/#website","url":"https:\/\/magazine.100pour100chassepeche.com\/202304\/","name":"Magazine - Volume 2 - \u00c9dition 2 - Avril 2023","description":"Magazine Web gratuit","potentialAction":[{"@type":"SearchAction","target":{"@type":"EntryPoint","urlTemplate":"https:\/\/magazine.100pour100chassepeche.com\/202304\/?s={search_term_string}"},"query-input":"required name=search_term_string"}],"inLanguage":"fr-FR"}]}},"_links":{"self":[{"href":"https:\/\/magazine.100pour100chassepeche.com\/202304\/wp-json\/wp\/v2\/pages\/8248","targetHints":{"allow":["GET"]}}],"collection":[{"href":"https:\/\/magazine.100pour100chassepeche.com\/202304\/wp-json\/wp\/v2\/pages"}],"about":[{"href":"https:\/\/magazine.100pour100chassepeche.com\/202304\/wp-json\/wp\/v2\/types\/page"}],"author":[{"embeddable":true,"href":"https:\/\/magazine.100pour100chassepeche.com\/202304\/wp-json\/wp\/v2\/users\/1"}],"replies":[{"embeddable":true,"href":"https:\/\/magazine.100pour100chassepeche.com\/202304\/wp-json\/wp\/v2\/comments?post=8248"}],"version-history":[{"count":304,"href":"https:\/\/magazine.100pour100chassepeche.com\/202304\/wp-json\/wp\/v2\/pages\/8248\/revisions"}],"predecessor-version":[{"id":16034,"href":"https:\/\/magazine.100pour100chassepeche.com\/202304\/wp-json\/wp\/v2\/pages\/8248\/revisions\/16034"}],"wp:attachment":[{"href":"https:\/\/magazine.100pour100chassepeche.com\/202304\/wp-json\/wp\/v2\/media?parent=8248"}],"curies":[{"name":"wp","href":"https:\/\/api.w.org\/{rel}","templated":true}]}}